{"id":1456,"date":"2021-02-28T15:15:08","date_gmt":"2021-02-28T15:15:08","guid":{"rendered":"https:\/\/afamiguelhernandez.org\/?page_id=1456"},"modified":"2022-12-18T20:28:40","modified_gmt":"2022-12-18T19:28:40","slug":"trabaja-con-nosotros","status":"publish","type":"page","link":"https:\/\/afamiguelhernandez.org\/index.php\/trabaja-con-nosotros\/","title":{"rendered":"UNETE A LA PLANTILLA"},"content":{"rendered":"\t\t<div data-elementor-type=\"wp-page\" data-elementor-id=\"1456\" class=\"elementor elementor-1456\">\n\t\t\t\t\t\t<section class=\"elementor-section elementor-top-section elementor-element elementor-element-1421e8b elementor-section-boxed elementor-section-height-default elementor-section-height-default\" data-id=\"1421e8b\" data-element_type=\"section\" data-e-type=\"section\">\n\t\t\t\t\t\t<div class=\"elementor-container elementor-column-gap-default\">\n\t\t\t\t\t<div class=\"elementor-column elementor-col-100 elementor-top-column elementor-element elementor-element-db7ab0c\" data-id=\"db7ab0c\" data-element_type=\"column\" data-e-type=\"column\" data-settings=\"{&quot;background_background&quot;:&quot;classic&quot;}\">\n\t\t\t<div class=\"elementor-widget-wrap elementor-element-populated\">\n\t\t\t\t\t\t<div class=\"elementor-element elementor-element-bad40b8 elementor-widget elementor-widget-heading\" data-id=\"bad40b8\" data-element_type=\"widget\" data-e-type=\"widget\" data-widget_type=\"heading.default\">\n\t\t\t\t<div class=\"elementor-widget-container\">\n\t\t\t\t\t<h4 class=\"elementor-heading-title elementor-size-default\">TRABAJAR EN LA ASOCIACI\u00d3N<\/h4>\t\t\t\t<\/div>\n\t\t\t\t<\/div>\n\t\t\t\t<div class=\"elementor-element elementor-element-3925ee1 elementor-widget elementor-widget-text-editor\" data-id=\"3925ee1\" data-element_type=\"widget\" data-e-type=\"widget\" data-widget_type=\"text-editor.default\">\n\t\t\t\t<div class=\"elementor-widget-container\">\n\t\t\t\t\t\t\t\t\t<p>Formar parte de AFA Miguel Hern\u00e1ndez equivale a trabajar en un entorno de empatia\u00a0 con a visualizaci\u00f3n de metas comunes, actitud participativa, comunicaci\u00f3n abierta, reconocimiento mutuo, seguridad psicol\u00f3gica, liderazgo estimulante, creatividad\u00a0 son los valores que comparten el equipo profesional\u00a0 que formamos parte de la Asociaci\u00f3n.<\/p><p>AFA Miguel Hern\u00e1ndez le ofrece\u00a0 la posibilidad de ser incluido\/a en su base de datos para cualquier proceso de selecci\u00f3n que lleve a cabo en la actualidad o en un futuro inmediato. Para ello es imprescindible que rellene el siguiente formulario y firme el documento adjunto en cumplimiento del Reglamento Europeo UE 679\/2016 y la Ley Org\u00e1nica 3\/2018 de protecci\u00f3n de datos de car\u00e1cter personal y garant\u00eda de los derechos digitales.<\/p>\t\t\t\t\t\t\t\t<\/div>\n\t\t\t\t<\/div>\n\t\t\t\t<div class=\"elementor-element elementor-element-078b204 elementor-widget elementor-widget-image\" data-id=\"078b204\" data-element_type=\"widget\" data-e-type=\"widget\" data-settings=\"{&quot;_animation&quot;:&quot;none&quot;}\" data-widget_type=\"image.default\">\n\t\t\t\t<div class=\"elementor-widget-container\">\n\t\t\t\t\t\t\t\t\t\t\t\t\t\t\t<img fetchpriority=\"high\" decoding=\"async\" width=\"1024\" height=\"461\" src=\"https:\/\/afamiguelhernandez.org\/wp-content\/uploads\/2022\/06\/Jardin-Principal-1024x461.jpeg\" class=\"attachment-large size-large wp-image-5191\" alt=\"\" srcset=\"https:\/\/afamiguelhernandez.org\/wp-content\/uploads\/2022\/06\/Jardin-Principal-1024x461.jpeg 1024w, https:\/\/afamiguelhernandez.org\/wp-content\/uploads\/2022\/06\/Jardin-Principal-300x135.jpeg 300w, https:\/\/afamiguelhernandez.org\/wp-content\/uploads\/2022\/06\/Jardin-Principal-768x345.jpeg 768w, https:\/\/afamiguelhernandez.org\/wp-content\/uploads\/2022\/06\/Jardin-Principal-1536x691.jpeg 1536w, https:\/\/afamiguelhernandez.org\/wp-content\/uploads\/2022\/06\/Jardin-Principal.jpeg 2048w\" sizes=\"(max-width: 1024px) 100vw, 1024px\" \/>\t\t\t\t\t\t\t\t\t\t\t\t\t\t\t<\/div>\n\t\t\t\t<\/div>\n\t\t\t\t<div class=\"elementor-element elementor-element-6c58e34 elementor-widget-divider--view-line elementor-widget elementor-widget-divider\" data-id=\"6c58e34\" data-element_type=\"widget\" data-e-type=\"widget\" data-widget_type=\"divider.default\">\n\t\t\t\t<div class=\"elementor-widget-container\">\n\t\t\t\t\t\t\t<div class=\"elementor-divider\">\n\t\t\t<span class=\"elementor-divider-separator\">\n\t\t\t\t\t\t<\/span>\n\t\t<\/div>\n\t\t\t\t\t\t<\/div>\n\t\t\t\t<\/div>\n\t\t\t\t<section class=\"elementor-section elementor-inner-section elementor-element elementor-element-2a135ef elementor-section-boxed elementor-section-height-default elementor-section-height-default\" data-id=\"2a135ef\" data-element_type=\"section\" data-e-type=\"section\">\n\t\t\t\t\t\t<div class=\"elementor-container elementor-column-gap-default\">\n\t\t\t\t\t<div class=\"elementor-column elementor-col-50 elementor-inner-column elementor-element elementor-element-85d5f97\" data-id=\"85d5f97\" data-element_type=\"column\" data-e-type=\"column\">\n\t\t\t<div class=\"elementor-widget-wrap elementor-element-populated\">\n\t\t\t\t\t\t<div class=\"elementor-element elementor-element-ebb245a elementor-widget elementor-widget-heading\" data-id=\"ebb245a\" data-element_type=\"widget\" data-e-type=\"widget\" data-widget_type=\"heading.default\">\n\t\t\t\t<div class=\"elementor-widget-container\">\n\t\t\t\t\t<h5 class=\"elementor-heading-title elementor-size-default\">DOCUMENTO DE CONSENTIMIENTO E INFORMACI\u00d3N TRATAMIENTO BOLSA DE TRABAJO<\/h5>\t\t\t\t<\/div>\n\t\t\t\t<\/div>\n\t\t\t\t<div class=\"elementor-element elementor-element-f778e6f elementor-widget elementor-widget-text-editor\" data-id=\"f778e6f\" data-element_type=\"widget\" data-e-type=\"widget\" data-widget_type=\"text-editor.default\">\n\t\t\t\t<div class=\"elementor-widget-container\">\n\t\t\t\t\t\t\t\t\t<p><strong><span style=\"color: #000000;\">\u00bfQui\u00e9n es Responsable del Tratamiento de sus Datos?<\/span><\/strong><\/p><p><strong><span style=\"color: #000000;\">Identidad: ASOCIACI\u00d3N DE FAMILIARES DE ENFERMOS DE ALZHEIMER Y OTRAS DEMENCIAS<\/span><\/strong><\/p><p><strong><span style=\"color: #000000;\">\u00a0MIGUEL HERN\u00c1NDEZ \/\/ AFA MIGUEL HERN\u00c1NDEZ-NIF: G53415816<\/span><\/strong><\/p><p><strong><span style=\"color: #000000;\">Direcci\u00f3n Postal: CALLE RAM\u00d3N AVILA SANTOS,49 \u2013 03350 COX (ALICANTE)<\/span><\/strong><\/p><p><strong><span style=\"color: #000000;\">Tel: 965 3021 08<\/span><\/strong><\/p><p><strong><span style=\"color: #000000;\">E-Mail: <a style=\"color: #000000;\" href=\"mailto:afaorihuela@gmail.com\">afaorihuela@gmail.com<\/a><\/span><\/strong><\/p><p><strong><span style=\"color: #000000;\">\u00bfPor cu\u00e1nto Tiempo Conservaremos sus Datos?<\/span><\/strong><\/p><p><strong><span style=\"color: #000000;\">1 a\u00f1o desde la recepci\u00f3n de los mismos.<\/span><\/strong><\/p><p><strong><span style=\"color: #000000;\">\u00bfCu\u00e1l es la legitimaci\u00f3n para el tratamiento de sus datos?<\/span><\/strong><\/p><p><strong><span style=\"color: #000000;\">La base jur\u00eddica del responsable es el inter\u00e9s leg\u00edtimo para la selecci\u00f3n de personal y su posterior contrataci\u00f3n.<\/span><\/strong><\/p><p><strong><span style=\"color: #000000;\">\u00bfA qu\u00e9 destinatarios se comunican sus datos?<\/span><\/strong><\/p><p><strong><span style=\"color: #000000;\">Organizaciones o personas directamente relacionadas con el responsable<\/span><\/strong><\/p><p><strong><span style=\"color: #000000;\">No se prev\u00e9 la realizaci\u00f3n de cesiones, salvo aquellas autorizadas por ley.<\/span><\/strong><\/p><p><strong><span style=\"color: #000000;\">\u00bfCu\u00e1les son sus derechos cuando nos facilita sus datos?<\/span><\/strong><\/p><p><strong><span style=\"color: #000000;\">De acuerdo con la legislaci\u00f3n vigente tiene los siguientes derechos:<\/span><\/strong><\/p><ol><li><strong><span style=\"color: #000000;\">Derecho a solicitar el acceso a sus datos personales.<\/span><\/strong><\/li><li><strong><span style=\"color: #000000;\">Derecho a solicitar su rectificaci\u00f3n o supresi\u00f3n.<\/span><\/strong><\/li><li><strong><span style=\"color: #000000;\">Derecho a solicitar la limitaci\u00f3n de su tratamiento.<\/span><\/strong><\/li><li><strong><span style=\"color: #000000;\">Derecho a oponerse al tratamiento.<\/span><\/strong><\/li><li><strong><span style=\"color: #000000;\">Derecho a la portabilidad de los datos.<\/span><\/strong><\/li><\/ol><p><strong><span style=\"color: #000000;\">\u00bfC\u00f3mo se pueden ejercer los derechos?<\/span><\/strong><\/p><p><strong><span style=\"color: #000000;\">Mediante un escrito, adjuntando copia del DNI o documento identificativo equivalente dirigido a la Direcci\u00f3n del responsable.<\/span><\/strong><\/p><p><strong><span style=\"color: #000000;\">\u00bfQu\u00e9 v\u00edas de reclamaci\u00f3n existen?<\/span><\/strong><\/p><p><strong><span style=\"color: #000000;\">Si considera que sus derechos no se han atendido debidamente, tiene derecho a presentar una reclamaci\u00f3n ante la Agencia Espa\u00f1ola de Protecci\u00f3n de Datos.<\/span><\/strong><\/p><p><strong><span style=\"color: #000000;\">Reglamento General Europeo 679\/2016 de Protecci\u00f3n de Datos de Car\u00e1cter Personal<\/span><\/strong><\/p><p><strong><span style=\"color: #000000;\">Ley Org\u00e1nica 3\/2018, de Protecci\u00f3n de Datos Personales y Garant\u00eda de los Derechos Digitales.<\/span><\/strong><\/p>\t\t\t\t\t\t\t\t<\/div>\n\t\t\t\t<\/div>\n\t\t\t\t<div class=\"elementor-element elementor-element-9126879 elementor-icon-list--layout-traditional elementor-list-item-link-full_width elementor-widget elementor-widget-icon-list\" data-id=\"9126879\" data-element_type=\"widget\" data-e-type=\"widget\" data-widget_type=\"icon-list.default\">\n\t\t\t\t<div class=\"elementor-widget-container\">\n\t\t\t\t\t\t\t<ul class=\"elementor-icon-list-items\">\n\t\t\t\t\t\t\t<li class=\"elementor-icon-list-item\">\n\t\t\t\t\t\t\t\t\t\t\t<a href=\"https:\/\/afamiguelhernandez.org\/wp-content\/uploads\/2021\/03\/DOCUMENTO-DE-CONSENTIMIENTO-E-INFORMACION-TRATAMIENTO-BOLSA-DE-TRABAJO-132471680063771967-2.pdf\" target=\"_blank\">\n\n\t\t\t\t\t\t\t\t\t\t\t\t<span class=\"elementor-icon-list-icon\">\n\t\t\t\t\t\t\t<i aria-hidden=\"true\" class=\"fas fa-cloud-download-alt\"><\/i>\t\t\t\t\t\t<\/span>\n\t\t\t\t\t\t\t\t\t\t<span class=\"elementor-icon-list-text\">Descargar documento de consentimiento pdf.<\/span>\n\t\t\t\t\t\t\t\t\t\t\t<\/a>\n\t\t\t\t\t\t\t\t\t<\/li>\n\t\t\t\t\t\t<\/ul>\n\t\t\t\t\t\t<\/div>\n\t\t\t\t<\/div>\n\t\t\t\t<div class=\"elementor-element elementor-element-14bc86c elementor-align-center elementor-widget elementor-widget-button\" data-id=\"14bc86c\" data-element_type=\"widget\" data-e-type=\"widget\" data-widget_type=\"button.default\">\n\t\t\t\t<div class=\"elementor-widget-container\">\n\t\t\t\t\t\t\t\t\t<div class=\"elementor-button-wrapper\">\n\t\t\t\t\t<a class=\"elementor-button elementor-button-link elementor-size-sm\" href=\"https:\/\/afamiguelhernandez.org\/index.php\/ejercicio-derechos\/\">\n\t\t\t\t\t\t<span class=\"elementor-button-content-wrapper\">\n\t\t\t\t\t\t\t\t\t<span class=\"elementor-button-text\">Descargar impresos ejercicio de derechos web<\/span>\n\t\t\t\t\t<\/span>\n\t\t\t\t\t<\/a>\n\t\t\t\t<\/div>\n\t\t\t\t\t\t\t\t<\/div>\n\t\t\t\t<\/div>\n\t\t\t\t\t<\/div>\n\t\t<\/div>\n\t\t\t\t<div class=\"elementor-column elementor-col-50 elementor-inner-column elementor-element elementor-element-e8e8b88\" data-id=\"e8e8b88\" data-element_type=\"column\" data-e-type=\"column\">\n\t\t\t<div class=\"elementor-widget-wrap elementor-element-populated\">\n\t\t\t\t\t\t<div class=\"elementor-element elementor-element-c3b0066 eael-contact-form-7-button-align-left eael-contact-form-7-button-custom elementor-widget elementor-widget-eael-contact-form-7\" data-id=\"c3b0066\" data-element_type=\"widget\" data-e-type=\"widget\" data-widget_type=\"eael-contact-form-7.default\">\n\t\t\t\t<div class=\"elementor-widget-container\">\n\t\t\t\t\t<div class=\"eael-contact-form-7-wrapper\">\n                <div class=\"eael-contact-form eael-contact-form-7 eael-contact-form-c3b0066 placeholder-show eael-custom-radio-checkbox eael-contact-form-align-default\"><div class=\"eael-contact-form-7-heading\"><h3 class=\"eael-contact-form-title eael-contact-form-7-title\">\n                                    MADANOS TUS DATOS\n                                <\/h3><div class=\"eael-contact-form-description eael-contact-form-7-description\"> * Campo obligatorio\n                        <\/div><\/div>\n<div class=\"wpcf7 no-js\" id=\"wpcf7-f2735-o1\" lang=\"es-ES\" dir=\"ltr\" data-wpcf7-id=\"2735\">\n<div class=\"screen-reader-response\"><p role=\"status\" aria-live=\"polite\" aria-atomic=\"true\"><\/p> <ul><\/ul><\/div>\n<form action=\"\/index.php\/wp-json\/wp\/v2\/pages\/1456#wpcf7-f2735-o1\" method=\"post\" class=\"wpcf7-form init\" aria-label=\"Formulario de contacto\" enctype=\"multipart\/form-data\" novalidate=\"novalidate\" data-status=\"init\">\n<div style=\"display: none;\">\n<input type=\"hidden\" name=\"_wpcf7\" value=\"2735\" \/>\n<input type=\"hidden\" name=\"_wpcf7_version\" value=\"6.0.6\" \/>\n<input type=\"hidden\" name=\"_wpcf7_locale\" value=\"es_ES\" \/>\n<input type=\"hidden\" name=\"_wpcf7_unit_tag\" value=\"wpcf7-f2735-o1\" \/>\n<input type=\"hidden\" name=\"_wpcf7_container_post\" value=\"0\" \/>\n<input type=\"hidden\" name=\"_wpcf7_posted_data_hash\" value=\"\" \/>\n<input type=\"hidden\" name=\"_wpcf7_recaptcha_response\" value=\"\" \/>\n<\/div>\n<p><span class=\"wpcf7-form-control-wrap\" data-name=\"email-487\"><input size=\"40\" maxlength=\"400\" class=\"wpcf7-form-control wpcf7-email wpcf7-validates-as-required wpcf7-text wpcf7-validates-as-email\" aria-required=\"true\" aria-invalid=\"false\" placeholder=\"*Tu Correo electr\u00f3nico\" value=\"\" type=\"email\" name=\"email-487\" \/><\/span>\n<\/p>\n<p><span class=\"wpcf7-form-control-wrap\" data-name=\"tel-711\"><input size=\"40\" maxlength=\"400\" class=\"wpcf7-form-control wpcf7-tel wpcf7-validates-as-required wpcf7-text wpcf7-validates-as-tel\" aria-required=\"true\" aria-invalid=\"false\" placeholder=\"*Tu tel\u00e9fono\" value=\"\" type=\"tel\" name=\"tel-711\" \/><\/span>\n<\/p>\n<p><label>PUESTO DE TRABAJO*<\/label><br \/>\n<span class=\"wpcf7-form-control-wrap\" data-name=\"checkbox-46\"><span class=\"wpcf7-form-control wpcf7-checkbox wpcf7-validates-as-required\"><span class=\"wpcf7-list-item first\"><label><input type=\"checkbox\" name=\"checkbox-46[]\" value=\"ADMINISTRATIVO\/A\" \/><span class=\"wpcf7-list-item-label\">ADMINISTRATIVO\/A<\/span><\/label><\/span><span class=\"wpcf7-list-item\"><label><input type=\"checkbox\" name=\"checkbox-46[]\" value=\"AUXILIAR DE CL\u00cdNICA\" \/><span class=\"wpcf7-list-item-label\">AUXILIAR DE CL\u00cdNICA<\/span><\/label><\/span><span class=\"wpcf7-list-item\"><label><input type=\"checkbox\" name=\"checkbox-46[]\" value=\"FISIOTERAPEUTA\" \/><span class=\"wpcf7-list-item-label\">FISIOTERAPEUTA<\/span><\/label><\/span><span class=\"wpcf7-list-item\"><label><input type=\"checkbox\" name=\"checkbox-46[]\" value=\"PSICOLOGO\/A\" \/><span class=\"wpcf7-list-item-label\">PSICOLOGO\/A<\/span><\/label><\/span><span class=\"wpcf7-list-item\"><label><input type=\"checkbox\" name=\"checkbox-46[]\" value=\"T\u00c9CNICO SUPERIOR (TIS, TASOC\u2026)\" \/><span class=\"wpcf7-list-item-label\">T\u00c9CNICO SUPERIOR (TIS, TASOC\u2026)<\/span><\/label><\/span><span class=\"wpcf7-list-item\"><label><input type=\"checkbox\" name=\"checkbox-46[]\" value=\"TRABAJADOR\/A SOCIAL\" \/><span class=\"wpcf7-list-item-label\">TRABAJADOR\/A SOCIAL<\/span><\/label><\/span><span class=\"wpcf7-list-item\"><label><input type=\"checkbox\" name=\"checkbox-46[]\" value=\"MEDICO\/A\" \/><span class=\"wpcf7-list-item-label\">MEDICO\/A<\/span><\/label><\/span><span class=\"wpcf7-list-item\"><label><input type=\"checkbox\" name=\"checkbox-46[]\" value=\"ENFERMERO\/A\" \/><span class=\"wpcf7-list-item-label\">ENFERMERO\/A<\/span><\/label><\/span><span class=\"wpcf7-list-item\"><label><input type=\"checkbox\" name=\"checkbox-46[]\" value=\"CONDUCTOR\/A\" \/><span class=\"wpcf7-list-item-label\">CONDUCTOR\/A<\/span><\/label><\/span><span class=\"wpcf7-list-item\"><label><input type=\"checkbox\" name=\"checkbox-46[]\" value=\"AUXILIAR DE MATENIMIENTO\" \/><span class=\"wpcf7-list-item-label\">AUXILIAR DE MATENIMIENTO<\/span><\/label><\/span><span class=\"wpcf7-list-item\"><label><input type=\"checkbox\" name=\"checkbox-46[]\" value=\"SUBALTERNO\" \/><span class=\"wpcf7-list-item-label\">SUBALTERNO<\/span><\/label><\/span><span class=\"wpcf7-list-item last\"><label><input type=\"checkbox\" name=\"checkbox-46[]\" value=\"AYUDANTE DE SERVICIO\" \/><span class=\"wpcf7-list-item-label\">AYUDANTE DE SERVICIO<\/span><\/label><\/span><\/span><\/span>\n<\/p>\n<p><span class=\"wpcf7-form-control-wrap\" data-name=\"textarea-997\"><textarea cols=\"40\" rows=\"10\" maxlength=\"2000\" class=\"wpcf7-form-control wpcf7-textarea\" aria-invalid=\"false\" name=\"textarea-997\">Escribe tu mensaje<\/textarea><\/span>\n<\/p>\n<p><span class=\"wpcf7-form-control-wrap\" data-name=\"textarea-426\"><textarea cols=\"40\" rows=\"10\" maxlength=\"2000\" class=\"wpcf7-form-control wpcf7-textarea\" aria-invalid=\"false\" placeholder=\"Datos acad\u00e9micos\" name=\"textarea-426\"><\/textarea><\/span>\n<\/p>\n<p><span class=\"wpcf7-form-control-wrap\" data-name=\"textarea-42\"><textarea cols=\"40\" rows=\"10\" maxlength=\"2000\" class=\"wpcf7-form-control wpcf7-textarea\" aria-invalid=\"false\" placeholder=\"Experiencia laboral\" name=\"textarea-42\"><\/textarea><\/span>\n<\/p>\n<p><span class=\"wpcf7-form-control-wrap\" data-name=\"textarea-447\"><textarea cols=\"40\" rows=\"10\" maxlength=\"2000\" class=\"wpcf7-form-control wpcf7-textarea\" aria-invalid=\"false\" placeholder=\"Formaci\u00f3n Complementaria\" name=\"textarea-447\"><\/textarea><\/span>\n<\/p>\n<p><span class=\"wpcf7-form-control-wrap\" data-name=\"textarea-535\"><textarea cols=\"40\" rows=\"10\" maxlength=\"2000\" class=\"wpcf7-form-control wpcf7-textarea\" aria-invalid=\"false\" placeholder=\"Otros (Publicaciones, Investigaci\u00f3n\u2026)\" name=\"textarea-535\"><\/textarea><\/span>\n<\/p>\n<p><label> Mandar curriculum vitae <\/label><br \/>\n<span class=\"wpcf7-form-control-wrap\" data-name=\"file-350\"><input size=\"40\" class=\"wpcf7-form-control wpcf7-file\" accept=\".pdf,.jpg,.png\" aria-invalid=\"false\" type=\"file\" name=\"file-350\" \/><\/span>\n<\/p>\n<p><span class=\"wpcf7-form-control-wrap\" data-name=\"acceptance-373\"><span class=\"wpcf7-form-control wpcf7-acceptance\"><span class=\"wpcf7-list-item\"><label><input type=\"checkbox\" name=\"acceptance-373\" value=\"1\" aria-invalid=\"false\" \/><span class=\"wpcf7-list-item-label\">*He le\u00eddo y acepto la <a href=\"https:\/\/afamiguelhernandez.org\/index.php\/politica-de-privacidad\/\">Pol\u00edtica de Privacidad y Consentimiento Curriculums<\/a><\/span><\/label><\/span><\/span><\/span>\n<\/p>\n<p><input class=\"wpcf7-form-control wpcf7-submit has-spinner\" type=\"submit\" value=\"Enviar\" \/>\n<\/p><div class=\"wpcf7-response-output\" aria-hidden=\"true\"><\/div>\n<\/form>\n<\/div>\n<\/div>\n            <\/div>\t\t\t\t<\/div>\n\t\t\t\t<\/div>\n\t\t\t\t<div class=\"elementor-element elementor-element-f17c61a elementor-button-info elementor-align-center elementor-widget elementor-widget-button\" data-id=\"f17c61a\" data-element_type=\"widget\" data-e-type=\"widget\" data-widget_type=\"button.default\">\n\t\t\t\t<div class=\"elementor-widget-container\">\n\t\t\t\t\t\t\t\t\t<div class=\"elementor-button-wrapper\">\n\t\t\t\t\t<a class=\"elementor-button elementor-button-link elementor-size-sm\" href=\"https:\/\/afamiguelhernandez.org\/index.php\/registro-actividades-tratamiento-2\/\">\n\t\t\t\t\t\t<span class=\"elementor-button-content-wrapper\">\n\t\t\t\t\t\t\t\t\t<span class=\"elementor-button-text\">Informaci\u00f3n sobre los registros de actividades y tratamientos<\/span>\n\t\t\t\t\t<\/span>\n\t\t\t\t\t<\/a>\n\t\t\t\t<\/div>\n\t\t\t\t\t\t\t\t<\/div>\n\t\t\t\t<\/div>\n\t\t\t\t\t<\/div>\n\t\t<\/div>\n\t\t\t\t\t<\/div>\n\t\t<\/section>\n\t\t\t\t<div class=\"elementor-element elementor-element-d60cf49 elementor-widget elementor-widget-text-editor\" data-id=\"d60cf49\" data-element_type=\"widget\" data-e-type=\"widget\" data-widget_type=\"text-editor.default\">\n\t\t\t\t<div class=\"elementor-widget-container\">\n\t\t\t\t\t\t\t\t\t<p><em>*Le informamos de que los datos personales facilitados en este apartado solo se tratar\u00e1n con la finalidad de atender sus consultas o sugerencias y no se incorporar\u00e1n a ning\u00fan fichero a menos que la naturaleza del servicio as\u00ed lo requiera, en cuyo caso, le solicitaremos el debido consentimiento. Tiene m\u00e1s informaci\u00f3n en nuestra <a href=\"https:\/\/afamiguelhernandez.org\/index.php\/politica-de-privacidad\/\">pol\u00edtica de privacidad<\/a>.<\/em><\/p>\t\t\t\t\t\t\t\t<\/div>\n\t\t\t\t<\/div>\n\t\t\t\t\t<\/div>\n\t\t<\/div>\n\t\t\t\t\t<\/div>\n\t\t<\/section>\n\t\t\t\t<\/div>\n\t\t","protected":false},"excerpt":{"rendered":"<p>TRABAJAR EN LA ASOCIACI\u00d3N Formar parte de AFA Miguel Hern\u00e1ndez equivale a trabajar en un entorno de empatia\u00a0 con a visualizaci\u00f3n de metas comunes, actitud participativa, comunicaci\u00f3n abierta, reconocimiento mutuo, seguridad psicol\u00f3gica, liderazgo estimulante, creatividad\u00a0 son los valores que comparten el equipo profesional\u00a0 que formamos parte de la Asociaci\u00f3n. AFA Miguel Hern\u00e1ndez le ofrece\u00a0 la [&hellip;]<\/p>\n","protected":false},"author":1,"featured_media":0,"parent":0,"menu_order":0,"comment_status":"closed","ping_status":"closed","template":"","meta":{"site-sidebar-layout":"no-sidebar","site-content-layout":"page-builder","ast-site-content-layout":"default","site-content-style":"default","site-sidebar-style":"default","ast-global-header-display":"","ast-banner-title-visibility":"","ast-main-header-display":"","ast-hfb-above-header-display":"","ast-hfb-below-header-display":"","ast-hfb-mobile-header-display":"","site-post-title":"disabled","ast-breadcrumbs-content":"","ast-featured-img":"disabled","footer-sml-layout":"","ast-disable-related-posts":"","theme-transparent-header-meta":"default","adv-header-id-meta":"","stick-header-meta":"","header-above-stick-meta":"","header-main-stick-meta":"","header-below-stick-meta":"","astra-migrate-meta-layouts":"default","ast-page-background-enabled":"default","ast-page-background-meta":{"desktop":{"background-color":"","background-image":"","background-repeat":"repeat","background-position":"center center","background-size":"auto","background-attachment":"scroll","background-type":"","background-media":"","overlay-type":"","overlay-color":"","overlay-opacity":"","overlay-gradient":""},"tablet":{"background-color":"","background-image":"","background-repeat":"repeat","background-position":"center center","background-size":"auto","background-attachment":"scroll","background-type":"","background-media":"","overlay-type":"","overlay-color":"","overlay-opacity":"","overlay-gradient":""},"mobile":{"background-color":"","background-image":"","background-repeat":"repeat","background-position":"center center","background-size":"auto","background-attachment":"scroll","background-type":"","background-media":"","overlay-type":"","overlay-color":"","overlay-opacity":"","overlay-gradient":""}},"ast-content-background-meta":{"desktop":{"background-color":"var(--ast-global-color-5)","background-image":"","background-repeat":"repeat","background-position":"center center","background-size":"auto","background-attachment":"scroll","background-type":"","background-media":"","overlay-type":"","overlay-color":"","overlay-opacity":"","overlay-gradient":""},"tablet":{"background-color":"var(--ast-global-color-5)","background-image":"","background-repeat":"repeat","background-position":"center center","background-size":"auto","background-attachment":"scroll","background-type":"","background-media":"","overlay-type":"","overlay-color":"","overlay-opacity":"","overlay-gradient":""},"mobile":{"background-color":"var(--ast-global-color-5)","background-image":"","background-repeat":"repeat","background-position":"center center","background-size":"auto","background-attachment":"scroll","background-type":"","background-media":"","overlay-type":"","overlay-color":"","overlay-opacity":"","overlay-gradient":""}},"footnotes":""},"class_list":["post-1456","page","type-page","status-publish","hentry"],"_links":{"self":[{"href":"https:\/\/afamiguelhernandez.org\/index.php\/wp-json\/wp\/v2\/pages\/1456"}],"collection":[{"href":"https:\/\/afamiguelhernandez.org\/index.php\/wp-json\/wp\/v2\/pages"}],"about":[{"href":"https:\/\/afamiguelhernandez.org\/index.php\/wp-json\/wp\/v2\/types\/page"}],"author":[{"embeddable":true,"href":"https:\/\/afamiguelhernandez.org\/index.php\/wp-json\/wp\/v2\/users\/1"}],"replies":[{"embeddable":true,"href":"https:\/\/afamiguelhernandez.org\/index.php\/wp-json\/wp\/v2\/comments?post=1456"}],"version-history":[{"count":167,"href":"https:\/\/afamiguelhernandez.org\/index.php\/wp-json\/wp\/v2\/pages\/1456\/revisions"}],"predecessor-version":[{"id":7065,"href":"https:\/\/afamiguelhernandez.org\/index.php\/wp-json\/wp\/v2\/pages\/1456\/revisions\/7065"}],"wp:attachment":[{"href":"https:\/\/afamiguelhernandez.org\/index.php\/wp-json\/wp\/v2\/media?parent=1456"}],"curies":[{"name":"wp","href":"https:\/\/api.w.org\/{rel}","templated":true}]}}