{"id":1776,"date":"2021-03-17T13:50:31","date_gmt":"2021-03-17T13:50:31","guid":{"rendered":"https:\/\/afamiguelhernandez.org\/?page_id=1776"},"modified":"2024-11-12T13:40:45","modified_gmt":"2024-11-12T12:40:45","slug":"formacion-y-o-sensibilizacion","status":"publish","type":"page","link":"https:\/\/afamiguelhernandez.org\/index.php\/formacion-y-o-sensibilizacion\/","title":{"rendered":"Formaci\u00f3n y\/o Sensibilizaci\u00f3n"},"content":{"rendered":"\t\t<div data-elementor-type=\"wp-page\" data-elementor-id=\"1776\" class=\"elementor elementor-1776\">\n\t\t\t\t\t\t<section class=\"elementor-section elementor-top-section elementor-element elementor-element-ba67f48 elementor-section-boxed elementor-section-height-default elementor-section-height-default\" data-id=\"ba67f48\" data-element_type=\"section\" data-e-type=\"section\">\n\t\t\t\t\t\t<div class=\"elementor-container elementor-column-gap-default\">\n\t\t\t\t\t<div class=\"elementor-column elementor-col-100 elementor-top-column elementor-element elementor-element-61fd957\" data-id=\"61fd957\" data-element_type=\"column\" data-e-type=\"column\">\n\t\t\t<div class=\"elementor-widget-wrap elementor-element-populated\">\n\t\t\t\t\t\t<div class=\"elementor-element elementor-element-ef5b009 elementor-widget elementor-widget-heading\" data-id=\"ef5b009\" data-element_type=\"widget\" data-e-type=\"widget\" data-widget_type=\"heading.default\">\n\t\t\t\t<div class=\"elementor-widget-container\">\n\t\t\t\t\t<h4 class=\"elementor-heading-title elementor-size-small\">Actividades de Formaci\u00f3n y\/o Sensibilizaci\u00f3n<\/h4>\t\t\t\t<\/div>\n\t\t\t\t<\/div>\n\t\t\t\t<div class=\"elementor-element elementor-element-378572c elementor-widget elementor-widget-text-editor\" data-id=\"378572c\" data-element_type=\"widget\" data-e-type=\"widget\" data-widget_type=\"text-editor.default\">\n\t\t\t\t<div class=\"elementor-widget-container\">\n\t\t\t\t\t\t\t\t\t<p>Desde la Asociaci\u00f3n de Familiares de Enfermos de Alzheimer y otras Demencias \u00abA.F.A. Miguel Hern\u00e1ndez\u00bb se considera totalmente necesaria la realizaci\u00f3n de un programa de sensibilizaci\u00f3n\/concienciaci\u00f3n que persiga tres finalidades:<\/p>\n<ol>\n<li>Ofrecer informaci\u00f3n, recursos y servicios existentes sobre la enfermedad de la DEMENCIA a la poblaci\u00f3n destinataria.<\/li>\n<li>Trabajar en la desestigmatizaci\u00f3n de la enfermedad de DEMENCIA.<\/li>\n<li>Solicitar colaboraci\u00f3n de la poblaci\u00f3n en general (Plan de Voluntariado).<\/li><\/ol>\t\t\t\t\t\t\t\t<\/div>\n\t\t\t\t<\/div>\n\t\t\t\t<div class=\"elementor-element elementor-element-c9591aa elementor-widget elementor-widget-image\" data-id=\"c9591aa\" data-element_type=\"widget\" data-e-type=\"widget\" data-widget_type=\"image.default\">\n\t\t\t\t<div class=\"elementor-widget-container\">\n\t\t\t\t\t\t\t\t\t\t\t\t\t\t\t<img fetchpriority=\"high\" decoding=\"async\" width=\"1024\" height=\"768\" src=\"https:\/\/afamiguelhernandez.org\/wp-content\/uploads\/2024\/11\/WhatsApp-Image-2024-11-12-at-13.35.04-1024x768.jpeg\" class=\"attachment-large size-large wp-image-8434\" alt=\"\" srcset=\"https:\/\/afamiguelhernandez.org\/wp-content\/uploads\/2024\/11\/WhatsApp-Image-2024-11-12-at-13.35.04-1024x768.jpeg 1024w, https:\/\/afamiguelhernandez.org\/wp-content\/uploads\/2024\/11\/WhatsApp-Image-2024-11-12-at-13.35.04-300x225.jpeg 300w, https:\/\/afamiguelhernandez.org\/wp-content\/uploads\/2024\/11\/WhatsApp-Image-2024-11-12-at-13.35.04-768x576.jpeg 768w, https:\/\/afamiguelhernandez.org\/wp-content\/uploads\/2024\/11\/WhatsApp-Image-2024-11-12-at-13.35.04-1536x1152.jpeg 1536w, https:\/\/afamiguelhernandez.org\/wp-content\/uploads\/2024\/11\/WhatsApp-Image-2024-11-12-at-13.35.04.jpeg 2000w\" sizes=\"(max-width: 1024px) 100vw, 1024px\" \/>\t\t\t\t\t\t\t\t\t\t\t\t\t\t\t<\/div>\n\t\t\t\t<\/div>\n\t\t\t\t<div class=\"elementor-element elementor-element-85b4600 elementor-widget elementor-widget-heading\" data-id=\"85b4600\" data-element_type=\"widget\" data-e-type=\"widget\" data-widget_type=\"heading.default\">\n\t\t\t\t<div class=\"elementor-widget-container\">\n\t\t\t\t\t<h2 class=\"elementor-heading-title elementor-size-default\">Campa\u00f1a de sensibilizaci\u00f3n: El Alzheimer<\/h2>\t\t\t\t<\/div>\n\t\t\t\t<\/div>\n\t\t\t\t<div class=\"elementor-element elementor-element-1ea6ece elementor-widget elementor-widget-text-editor\" data-id=\"1ea6ece\" data-element_type=\"widget\" data-e-type=\"widget\" data-widget_type=\"text-editor.default\">\n\t\t\t\t<div class=\"elementor-widget-container\">\n\t\t\t\t\t\t\t\t\t<p>Dirigida a alumnos\/as de primaria (de 3\u00ba a 6\u00ba), bachillerato y ciclos formativos (grado medio y superior) en diferentes Centros Educativos de la Comarca de la Vega Baja del Segura. La campa\u00f1a de sensibilizaci\u00f3n se caracteriza por estar entre sus principales finalidades INFORMAR y CONCIENCIAR acerca de la ENFERMEDAD de DEMENCIA\/ALZHEIMER y conseguir, con ello, el acercamiento y comprensi\u00f3n que los afectados merecen. Por otra parte, se pretende DAR a CONOCER la labor que la Asociaci\u00f3n realiza.<\/p>\t\t\t\t\t\t\t\t<\/div>\n\t\t\t\t<\/div>\n\t\t\t\t<div class=\"elementor-element elementor-element-27d8ad1 elementor-widget elementor-widget-image\" data-id=\"27d8ad1\" data-element_type=\"widget\" data-e-type=\"widget\" data-widget_type=\"image.default\">\n\t\t\t\t<div class=\"elementor-widget-container\">\n\t\t\t\t\t\t\t\t\t\t\t\t\t\t\t<img decoding=\"async\" width=\"1024\" height=\"768\" src=\"https:\/\/afamiguelhernandez.org\/wp-content\/uploads\/2024\/11\/1710932922372-1024x768.jpg\" class=\"attachment-large size-large wp-image-8431\" alt=\"\" srcset=\"https:\/\/afamiguelhernandez.org\/wp-content\/uploads\/2024\/11\/1710932922372-1024x768.jpg 1024w, https:\/\/afamiguelhernandez.org\/wp-content\/uploads\/2024\/11\/1710932922372-300x225.jpg 300w, https:\/\/afamiguelhernandez.org\/wp-content\/uploads\/2024\/11\/1710932922372-768x576.jpg 768w, https:\/\/afamiguelhernandez.org\/wp-content\/uploads\/2024\/11\/1710932922372-1536x1152.jpg 1536w, https:\/\/afamiguelhernandez.org\/wp-content\/uploads\/2024\/11\/1710932922372.jpg 1600w\" sizes=\"(max-width: 1024px) 100vw, 1024px\" \/>\t\t\t\t\t\t\t\t\t\t\t\t\t\t\t<\/div>\n\t\t\t\t<\/div>\n\t\t\t\t\t<\/div>\n\t\t<\/div>\n\t\t\t\t\t<\/div>\n\t\t<\/section>\n\t\t\t\t<\/div>\n\t\t","protected":false},"excerpt":{"rendered":"<p>Actividades de Formaci\u00f3n y\/o Sensibilizaci\u00f3n Desde la Asociaci\u00f3n de Familiares de Enfermos de Alzheimer y otras Demencias \u00abA.F.A. Miguel Hern\u00e1ndez\u00bb se considera totalmente necesaria la realizaci\u00f3n de un programa de sensibilizaci\u00f3n\/concienciaci\u00f3n que persiga tres finalidades: Ofrecer informaci\u00f3n, recursos y servicios existentes sobre la enfermedad de la DEMENCIA a la poblaci\u00f3n destinataria. Trabajar en la desestigmatizaci\u00f3n [&hellip;]<\/p>\n","protected":false},"author":1,"featured_media":0,"parent":0,"menu_order":0,"comment_status":"closed","ping_status":"closed","template":"","meta":{"site-sidebar-layout":"no-sidebar","site-content-layout":"page-builder","ast-site-content-layout":"default","site-content-style":"default","site-sidebar-style":"default","ast-global-header-display":"","ast-banner-title-visibility":"","ast-main-header-display":"","ast-hfb-above-header-display":"","ast-hfb-below-header-display":"","ast-hfb-mobile-header-display":"","site-post-title":"disabled","ast-breadcrumbs-content":"","ast-featured-img":"disabled","footer-sml-layout":"","ast-disable-related-posts":"","theme-transparent-header-meta":"default","adv-header-id-meta":"","stick-header-meta":"","header-above-stick-meta":"","header-main-stick-meta":"","header-below-stick-meta":"","astra-migrate-meta-layouts":"default","ast-page-background-enabled":"default","ast-page-background-meta":{"desktop":{"background-color":"","background-image":"","background-repeat":"repeat","background-position":"center center","background-size":"auto","background-attachment":"scroll","background-type":"","background-media":"","overlay-type":"","overlay-color":"","overlay-opacity":"","overlay-gradient":""},"tablet":{"background-color":"","background-image":"","background-repeat":"repeat","background-position":"center center","background-size":"auto","background-attachment":"scroll","background-type":"","background-media":"","overlay-type":"","overlay-color":"","overlay-opacity":"","overlay-gradient":""},"mobile":{"background-color":"","background-image":"","background-repeat":"repeat","background-position":"center center","background-size":"auto","background-attachment":"scroll","background-type":"","background-media":"","overlay-type":"","overlay-color":"","overlay-opacity":"","overlay-gradient":""}},"ast-content-background-meta":{"desktop":{"background-color":"var(--ast-global-color-5)","background-image":"","background-repeat":"repeat","background-position":"center center","background-size":"auto","background-attachment":"scroll","background-type":"","background-media":"","overlay-type":"","overlay-color":"","overlay-opacity":"","overlay-gradient":""},"tablet":{"background-color":"var(--ast-global-color-5)","background-image":"","background-repeat":"repeat","background-position":"center center","background-size":"auto","background-attachment":"scroll","background-type":"","background-media":"","overlay-type":"","overlay-color":"","overlay-opacity":"","overlay-gradient":""},"mobile":{"background-color":"var(--ast-global-color-5)","background-image":"","background-repeat":"repeat","background-position":"center center","background-size":"auto","background-attachment":"scroll","background-type":"","background-media":"","overlay-type":"","overlay-color":"","overlay-opacity":"","overlay-gradient":""}},"footnotes":""},"class_list":["post-1776","page","type-page","status-publish","hentry"],"_links":{"self":[{"href":"https:\/\/afamiguelhernandez.org\/index.php\/wp-json\/wp\/v2\/pages\/1776"}],"collection":[{"href":"https:\/\/afamiguelhernandez.org\/index.php\/wp-json\/wp\/v2\/pages"}],"about":[{"href":"https:\/\/afamiguelhernandez.org\/index.php\/wp-json\/wp\/v2\/types\/page"}],"author":[{"embeddable":true,"href":"https:\/\/afamiguelhernandez.org\/index.php\/wp-json\/wp\/v2\/users\/1"}],"replies":[{"embeddable":true,"href":"https:\/\/afamiguelhernandez.org\/index.php\/wp-json\/wp\/v2\/comments?post=1776"}],"version-history":[{"count":22,"href":"https:\/\/afamiguelhernandez.org\/index.php\/wp-json\/wp\/v2\/pages\/1776\/revisions"}],"predecessor-version":[{"id":8437,"href":"https:\/\/afamiguelhernandez.org\/index.php\/wp-json\/wp\/v2\/pages\/1776\/revisions\/8437"}],"wp:attachment":[{"href":"https:\/\/afamiguelhernandez.org\/index.php\/wp-json\/wp\/v2\/media?parent=1776"}],"curies":[{"name":"wp","href":"https:\/\/api.w.org\/{rel}","templated":true}]}}