{"id":2422,"date":"2022-03-18T15:25:04","date_gmt":"2022-03-18T14:25:04","guid":{"rendered":"https:\/\/afamiguelhernandez.org\/?page_id=2422"},"modified":"2022-10-08T15:06:29","modified_gmt":"2022-10-08T13:06:29","slug":"politica-de-privacidad","status":"publish","type":"page","link":"https:\/\/afamiguelhernandez.org\/index.php\/politica-de-privacidad\/","title":{"rendered":"POL\u00cdTICA DE PRIVACIDAD"},"content":{"rendered":"\t\t<div data-elementor-type=\"wp-page\" data-elementor-id=\"2422\" class=\"elementor elementor-2422\">\n\t\t\t\t\t\t<section class=\"elementor-section elementor-top-section elementor-element elementor-element-68d049cd elementor-section-boxed elementor-section-height-default elementor-section-height-default\" data-id=\"68d049cd\" data-element_type=\"section\" data-e-type=\"section\" data-settings=\"{&quot;background_background&quot;:&quot;classic&quot;}\">\n\t\t\t\t\t\t<div class=\"elementor-container elementor-column-gap-default\">\n\t\t\t\t\t<div class=\"elementor-column elementor-col-100 elementor-top-column elementor-element elementor-element-4a43e1c0\" data-id=\"4a43e1c0\" data-element_type=\"column\" data-e-type=\"column\">\n\t\t\t<div class=\"elementor-widget-wrap elementor-element-populated\">\n\t\t\t\t\t\t<div class=\"elementor-element elementor-element-a891e89 elementor-widget elementor-widget-heading\" data-id=\"a891e89\" data-element_type=\"widget\" data-e-type=\"widget\" data-widget_type=\"heading.default\">\n\t\t\t\t<div class=\"elementor-widget-container\">\n\t\t\t\t\t<h6 class=\"elementor-heading-title elementor-size-default\">Rev: 08\/10\/2022<\/h6>\t\t\t\t<\/div>\n\t\t\t\t<\/div>\n\t\t\t\t<div class=\"elementor-element elementor-element-c13dc3d elementor-widget elementor-widget-heading\" data-id=\"c13dc3d\" data-element_type=\"widget\" data-e-type=\"widget\" data-widget_type=\"heading.default\">\n\t\t\t\t<div class=\"elementor-widget-container\">\n\t\t\t\t\t<h2 class=\"elementor-heading-title elementor-size-default\">POL\u00cdTICA DE PRIVACIDAD<\/h2>\t\t\t\t<\/div>\n\t\t\t\t<\/div>\n\t\t\t\t<div class=\"elementor-element elementor-element-f43e8e8 elementor-view-default elementor-widget elementor-widget-icon\" data-id=\"f43e8e8\" data-element_type=\"widget\" data-e-type=\"widget\" data-widget_type=\"icon.default\">\n\t\t\t\t<div class=\"elementor-widget-container\">\n\t\t\t\t\t\t\t<div class=\"elementor-icon-wrapper\">\n\t\t\t<div class=\"elementor-icon\">\n\t\t\t<i aria-hidden=\"true\" class=\"fas fa-user-secret\"><\/i>\t\t\t<\/div>\n\t\t<\/div>\n\t\t\t\t\t\t<\/div>\n\t\t\t\t<\/div>\n\t\t\t\t<div class=\"elementor-element elementor-element-6aac873 elementor-widget elementor-widget-heading\" data-id=\"6aac873\" data-element_type=\"widget\" data-e-type=\"widget\" data-widget_type=\"heading.default\">\n\t\t\t\t<div class=\"elementor-widget-container\">\n\t\t\t\t\t<h5 class=\"elementor-heading-title elementor-size-default\">www.afamiguelhernandez.org\/pol\u00edtica-de-privacidad<\/h5>\t\t\t\t<\/div>\n\t\t\t\t<\/div>\n\t\t\t\t\t<\/div>\n\t\t<\/div>\n\t\t\t\t\t<\/div>\n\t\t<\/section>\n\t\t\t\t<section class=\"elementor-section elementor-top-section elementor-element elementor-element-c89ca98 elementor-section-boxed elementor-section-height-default elementor-section-height-default\" data-id=\"c89ca98\" data-element_type=\"section\" data-e-type=\"section\">\n\t\t\t\t\t\t<div class=\"elementor-container elementor-column-gap-default\">\n\t\t\t\t\t<div class=\"elementor-column elementor-col-100 elementor-top-column elementor-element elementor-element-fd53ba5\" data-id=\"fd53ba5\" data-element_type=\"column\" data-e-type=\"column\">\n\t\t\t<div class=\"elementor-widget-wrap elementor-element-populated\">\n\t\t\t\t\t\t<div class=\"elementor-element elementor-element-2b21e85 elementor-position-right elementor-vertical-align-top elementor-widget elementor-widget-image-box\" data-id=\"2b21e85\" data-element_type=\"widget\" data-e-type=\"widget\" data-widget_type=\"image-box.default\">\n\t\t\t\t<div class=\"elementor-widget-container\">\n\t\t\t\t\t<div class=\"elementor-image-box-wrapper\"><figure class=\"elementor-image-box-img\"><img decoding=\"async\" width=\"300\" height=\"144\" src=\"https:\/\/afamiguelhernandez.org\/wp-content\/uploads\/2022\/03\/LOGO-AFA-2-300x144.jpg\" class=\"attachment-medium size-medium wp-image-2591\" alt=\"\" srcset=\"https:\/\/afamiguelhernandez.org\/wp-content\/uploads\/2022\/03\/LOGO-AFA-2-300x144.jpg 300w, https:\/\/afamiguelhernandez.org\/wp-content\/uploads\/2022\/03\/LOGO-AFA-2.jpg 549w\" sizes=\"(max-width: 300px) 100vw, 300px\" \/><\/figure><\/div>\t\t\t\t<\/div>\n\t\t\t\t<\/div>\n\t\t\t\t<div class=\"elementor-element elementor-element-99b1cb5 elementor-widget elementor-widget-text-editor\" data-id=\"99b1cb5\" data-element_type=\"widget\" data-e-type=\"widget\" data-widget_type=\"text-editor.default\">\n\t\t\t\t<div class=\"elementor-widget-container\">\n\t\t\t\t\t\t\t\t\t<h2><span style=\"color: #333399;\"><b>DATOS DEL RESPONSABLE DEL TRATAMIENTO:<\/b><\/span><\/h2><p><strong>ASOCIACI\u00d3N DE FAMILIARES DE ENFERMOS DE ALZHEIMER Y OTRAS DEMENCIAS MIGUEL HERN\u00c1NDEZ<\/strong>, tambi\u00e9n conocida como AFA MIGUEL HERN\u00c1NDEZ, domiciliada en <strong>CALLE PA\u00cdS VALENCIANO S\/N de ORIHUELA<\/strong>, con CIF <strong>G53415816<\/strong> propietaria del sitio web <a href=\"https:\/\/afamiguelhernandez.org\/\"><strong>www.afamiguelhernandez.org<\/strong>.<\/a><\/p><p>Email para comunicaciones en materia de Protecci\u00f3n de datos: <strong>AFAORIHUELA@GMAIL.<\/strong><\/p><p><strong>\u00a0<\/strong><span style=\"color: #333399;\"><strong style=\"font-size: 1.33333rem; font-style: inherit; font-family: var( --e-global-typography-text-font-family ), Sans-serif; background-color: var(--ast-global-color-5);\">NORMATIVA APLICABLE<\/strong><\/span><\/p><p>Nuestra Pol\u00edtica de Privacidad se ha dise\u00f1ado de acuerdo con el <strong>Reglamento General de Protecci\u00f3n de Datos de la UE 2016\/679 del Parlamento Europeo <\/strong>y del Consejo, de 27 de abril de 2016, relativo a la protecci\u00f3n de las personas f\u00edsicas en lo que respecta al tratamiento de datos personales y a la libre circulaci\u00f3n de estos datos y por el que se deroga la Directiva 95\/46\/CE (Reglamento general de protecci\u00f3n de datos), y en lo que no contradiga el mencionado Reglamento, por lo dispuesto en el marco legislativo espa\u00f1ol en materia de Protecci\u00f3n de Datos de Car\u00e1cter Personal.<\/p><p>Al facilitarnos sus datos, Usted declara haber le\u00eddo y conocer la presente Pol\u00edtica de Privacidad, prestando su consentimiento inequ\u00edvoco y expreso al tratamiento de sus datos personales de acuerdo con las finalidades y t\u00e9rminos aqu\u00ed expresados.<\/p><p>AFA MIGUEL HERN\u00c1NDEZ podr\u00e1 modificar la presente Pol\u00edtica de Privacidad para adaptarla a las novedades legislativas, jurisprudenciales o de interpretaci\u00f3n de la Agencia Espa\u00f1ola de Protecci\u00f3n de Datos. Estas condiciones de privacidad podr\u00e1n ser complementadas por el Aviso Legal, Pol\u00edtica de Cookies y las Condiciones Generales que, en su caso, se recojan para determinados productos o servicios, si dicho acceso supone alguna especialidad en materia de protecci\u00f3n de datos de car\u00e1cter personal.<\/p><p><span style=\"color: #333399;\"><strong>\u00a0<\/strong><strong style=\"font-size: 1.33333rem; font-style: inherit; font-family: var( --e-global-typography-text-font-family ), Sans-serif; background-color: var(--ast-global-color-5);\">DELEGADO DE PROTECCI\u00d3N DE DATOS<\/strong><\/span><\/p><p>Ley 3\/2018. Art\u00edculo 34. Designaci\u00f3n de un delegado de protecci\u00f3n de datos. 1. Los responsables y encargados del tratamiento deber\u00e1n designar un delegado de protecci\u00f3n de datos en los supuestos previstos en el art\u00edculo 37.1 del Reglamento (UE) 2016\/679 y, en todo caso, cuando se trate de las siguientes entidades: l) Los centros sanitarios legalmente obligados al mantenimiento de las historias cl\u00ednicas de los pacientes.<\/p><p>Delegada de Protecci\u00f3n de Datos M\u00aa Magdalena Ruiz Campillo a trav\u00e9s de * <a href=\"mailto:malenaruiz@alianzaabogados.es\">malenaruiz@alianzaabogados.es.<\/a><\/p><p><strong>\u00a0<\/strong><span style=\"color: #333399;\"><strong style=\"font-size: 1.33333rem; font-style: inherit; font-family: var( --e-global-typography-text-font-family ), Sans-serif; background-color: var(--ast-global-color-5);\">TRATAMIENTOS<\/strong><\/span><\/p><p>AFA MIGUEL HERN\u00c1NDEZ realiza los siguientes tratamientos cuya informaci\u00f3n puede consultarse en el siguiente enlace: <strong><a href=\"https:\/\/afamiguelhernandez.org\/index.php\/registro-actividades-tratamiento-2\/\">www.afamiguelhernandez.org\/registro-actividades-tratamiento.<\/a><\/strong><\/p><p><strong>\u00a0<\/strong><span style=\"color: #333399;\"><strong style=\"font-size: 1.33333rem; font-style: inherit; font-family: var( --e-global-typography-text-font-family ), Sans-serif; background-color: var(--ast-global-color-5);\">CONSENTIMIENTO PARA TRATAR SUS DATOS<\/strong><\/span><\/p><p>Al rellenar los formularios, marcar la casilla \u201cAcepto la Pol\u00edtica de Privacidad\u201d y hacer clic para enviar los datos, o al remitir correos electr\u00f3nicos a AFA MIGUEL HERN\u00c1NDEZ por medio de las cuentas habilitadas al efecto, el Usuario manifiesta haber le\u00eddo y aceptado expresamente la presente pol\u00edtica de privacidad, y otorga su consentimiento inequ\u00edvoco y expreso al tratamiento de sus datos personales conforme a las finalidades indicadas.<\/p><p><span style=\"color: #333399;\"><strong>\u00a0<\/strong><strong style=\"font-size: 1.33333rem; font-style: inherit; font-family: var( --e-global-typography-text-font-family ), Sans-serif; background-color: var(--ast-global-color-5);\">MEDIDAS DE SEGURIDAD<\/strong><\/span><\/p><p>Dentro de nuestro compromiso por garantizar la seguridad y confidencialidad de sus datos de car\u00e1cter personal, le informamos que se han adoptado las medidas de \u00edndole t\u00e9cnica y organizativas necesarias para garantizar la seguridad de los datos de car\u00e1cter personal y evitar su alteraci\u00f3n, p\u00e9rdida, tratamiento o acceso no autorizado, habida cuenta del estado de la tecnolog\u00eda, la naturaleza de los datos almacenados y los riesgos a que est\u00e9n expuestos, seg\u00fan el Art. 32 del RGPD EU 679\/2016.<\/p><p><span style=\"color: #333399;\"><strong>\u00a0<\/strong><strong style=\"font-size: 1.33333rem; font-style: inherit; font-family: var( --e-global-typography-text-font-family ), Sans-serif; background-color: var(--ast-global-color-5);\">DERECHOS DEL USUARIO<\/strong><\/span><\/p><p>Cualquier interesado tiene derecho a obtener confirmaci\u00f3n sobre si estamos tratando datos personales que le conciernan, o no. Las personas interesadas tienen derecho a acceder a sus datos personales, as\u00ed como a solicitar la rectificaci\u00f3n de los datos inexactos o, en su caso, solicitar su supresi\u00f3n cuando, entre otros motivos, los datos ya no sea necesario para los fines que fueron recogidos. En determinadas circunstancias, los interesados podr\u00e1n solicitar la limitaci\u00f3n del tratamiento de sus datos, en cuyo caso \u00fanicamente los conservaremos para el ejercicio o la defensa de reclamaciones. Por motivos relacionados con su situaci\u00f3n particular, los interesados podr\u00e1n oponerse al tratamiento de sus datos. El responsable del tratamiento dejar\u00e1 de tratar los datos, salvo por motivos leg\u00edtimos imperiosos, o el ejercicio o la defensa de posibles reclamaciones.<\/p><p>De acuerdo con la legislaci\u00f3n vigente tiene los siguientes derechos: derecho a solicitar el acceso a sus datos personales, derecho a solicitar su rectificaci\u00f3n o supresi\u00f3n, derecho a solicitar la limitaci\u00f3n de su tratamiento, derecho a oponerse al tratamiento, derecho a la portabilidad de los datos y as\u00ed mismo, a revocar el consentimiento otorgado.<\/p><p><strong>\u00a0<\/strong><span style=\"color: #333399;\"><strong style=\"font-size: 1.33333rem; font-style: inherit; font-family: var( --e-global-typography-text-font-family ), Sans-serif; background-color: var(--ast-global-color-5);\">\u00bfC\u00d3MO EJERCITAR SUS DERECHOS?<\/strong><\/span><\/p><p>Para ejercer sus derechos, debe dirigirse al responsable, solicitando el correspondiente formulario para el ejercicio del derecho elegido. O descargar el formulario desde nuestro apartado <strong><a href=\"https:\/\/afamiguelhernandez.org\/index.php\/ejercicio-derechos\/\">www.afamiguelhernandez.org\/ejercicio-derechos.<\/a><\/strong><\/p><p>Opcionalmente, puede acudir a la Autoridad de Control competente para obtener informaci\u00f3n adicional acerca de sus derechos. Los datos de contacto para el ejercicio de sus derechos son el tel\u00e9fono <strong>965302108<\/strong> y el correo electr\u00f3nico: <strong>AFAORIHUELA@GMAIL.COM<\/strong>. O contactar a los mismos efectos con su Delegada de Protecci\u00f3n de Datos M\u00aa Magdalena Ruiz Campillo a trav\u00e9s de * <a href=\"mailto:malenaruiz@alianzaabogados.es\">malenaruiz@alianzaabogados.es<\/a>. Recuerde acompa\u00f1ar una copia de un documento que nos permita identificarle.<\/p><p><span style=\"color: #333399;\"><strong>\u00a0<\/strong><strong style=\"font-size: 1.33333rem; font-style: inherit; font-family: var( --e-global-typography-text-font-family ), Sans-serif; background-color: var(--ast-global-color-5);\">CONSENTIMIENTO PARA ENV\u00cdO DE COMUNICACIONES ELECTR\u00d3NICAS<\/strong><\/span><\/p><p>De acuerdo con lo establecido en la Ley 34\/2002, de 11 de julio, de Servicios de la Sociedad de la Informaci\u00f3n y del Comercio Electr\u00f3nico, completando el formulario de recogida de datos y marcando la correspondiente casilla \u201cAcepto la Pol\u00edtica de Privacidad\u201d, est\u00e1 otorgando el consentimiento expreso para enviarle a su direcci\u00f3n de correo electr\u00f3nico, tel\u00e9fono, fax u otro medio electr\u00f3nico en env\u00edo de informaci\u00f3n acerca de la Empresa.<\/p>\t\t\t\t\t\t\t\t<\/div>\n\t\t\t\t<\/div>\n\t\t\t\t<div class=\"elementor-element elementor-element-7acea97 elementor-position-top elementor-widget elementor-widget-image-box\" data-id=\"7acea97\" data-element_type=\"widget\" data-e-type=\"widget\" data-widget_type=\"image-box.default\">\n\t\t\t\t<div class=\"elementor-widget-container\">\n\t\t\t\t\t<div class=\"elementor-image-box-wrapper\"><figure class=\"elementor-image-box-img\"><img fetchpriority=\"high\" decoding=\"async\" width=\"549\" height=\"264\" src=\"https:\/\/afamiguelhernandez.org\/wp-content\/uploads\/2022\/03\/LOGO-AFA-2.jpg\" class=\"attachment-full size-full wp-image-2591\" alt=\"\" srcset=\"https:\/\/afamiguelhernandez.org\/wp-content\/uploads\/2022\/03\/LOGO-AFA-2.jpg 549w, https:\/\/afamiguelhernandez.org\/wp-content\/uploads\/2022\/03\/LOGO-AFA-2-300x144.jpg 300w\" sizes=\"(max-width: 549px) 100vw, 549px\" \/><\/figure><\/div>\t\t\t\t<\/div>\n\t\t\t\t<\/div>\n\t\t\t\t\t<\/div>\n\t\t<\/div>\n\t\t\t\t\t<\/div>\n\t\t<\/section>\n\t\t\t\t<\/div>\n\t\t","protected":false},"excerpt":{"rendered":"<p>Rev: 08\/10\/2022 POL\u00cdTICA DE PRIVACIDAD www.afamiguelhernandez.org\/pol\u00edtica-de-privacidad DATOS DEL RESPONSABLE DEL TRATAMIENTO: ASOCIACI\u00d3N DE FAMILIARES DE ENFERMOS DE ALZHEIMER Y OTRAS DEMENCIAS MIGUEL HERN\u00c1NDEZ, tambi\u00e9n conocida como AFA MIGUEL HERN\u00c1NDEZ, domiciliada en CALLE PA\u00cdS VALENCIANO S\/N de ORIHUELA, con CIF G53415816 propietaria del sitio web www.afamiguelhernandez.org. Email para comunicaciones en materia de Protecci\u00f3n de datos: AFAORIHUELA@GMAIL. [&hellip;]<\/p>\n","protected":false},"author":2,"featured_media":0,"parent":0,"menu_order":0,"comment_status":"closed","ping_status":"closed","template":"","meta":{"site-sidebar-layout":"default","site-content-layout":"default","ast-site-content-layout":"default","site-content-style":"default","site-sidebar-style":"default","ast-global-header-display":"","ast-banner-title-visibility":"","ast-main-header-display":"","ast-hfb-above-header-display":"","ast-hfb-below-header-display":"","ast-hfb-mobile-header-display":"","site-post-title":"disabled","ast-breadcrumbs-content":"","ast-featured-img":"disabled","footer-sml-layout":"","ast-disable-related-posts":"","theme-transparent-header-meta":"default","adv-header-id-meta":"","stick-header-meta":"","header-above-stick-meta":"","header-main-stick-meta":"","header-below-stick-meta":"","astra-migrate-meta-layouts":"default","ast-page-background-enabled":"default","ast-page-background-meta":{"desktop":{"background-color":"","background-image":"","background-repeat":"repeat","background-position":"center center","background-size":"auto","background-attachment":"scroll","background-type":"","background-media":"","overlay-type":"","overlay-color":"","overlay-opacity":"","overlay-gradient":""},"tablet":{"background-color":"","background-image":"","background-repeat":"repeat","background-position":"center center","background-size":"auto","background-attachment":"scroll","background-type":"","background-media":"","overlay-type":"","overlay-color":"","overlay-opacity":"","overlay-gradient":""},"mobile":{"background-color":"","background-image":"","background-repeat":"repeat","background-position":"center center","background-size":"auto","background-attachment":"scroll","background-type":"","background-media":"","overlay-type":"","overlay-color":"","overlay-opacity":"","overlay-gradient":""}},"ast-content-background-meta":{"desktop":{"background-color":"var(--ast-global-color-5)","background-image":"","background-repeat":"repeat","background-position":"center center","background-size":"auto","background-attachment":"scroll","background-type":"","background-media":"","overlay-type":"","overlay-color":"","overlay-opacity":"","overlay-gradient":""},"tablet":{"background-color":"var(--ast-global-color-5)","background-image":"","background-repeat":"repeat","background-position":"center center","background-size":"auto","background-attachment":"scroll","background-type":"","background-media":"","overlay-type":"","overlay-color":"","overlay-opacity":"","overlay-gradient":""},"mobile":{"background-color":"var(--ast-global-color-5)","background-image":"","background-repeat":"repeat","background-position":"center center","background-size":"auto","background-attachment":"scroll","background-type":"","background-media":"","overlay-type":"","overlay-color":"","overlay-opacity":"","overlay-gradient":""}},"footnotes":""},"class_list":["post-2422","page","type-page","status-publish","hentry"],"_links":{"self":[{"href":"https:\/\/afamiguelhernandez.org\/index.php\/wp-json\/wp\/v2\/pages\/2422"}],"collection":[{"href":"https:\/\/afamiguelhernandez.org\/index.php\/wp-json\/wp\/v2\/pages"}],"about":[{"href":"https:\/\/afamiguelhernandez.org\/index.php\/wp-json\/wp\/v2\/types\/page"}],"author":[{"embeddable":true,"href":"https:\/\/afamiguelhernandez.org\/index.php\/wp-json\/wp\/v2\/users\/2"}],"replies":[{"embeddable":true,"href":"https:\/\/afamiguelhernandez.org\/index.php\/wp-json\/wp\/v2\/comments?post=2422"}],"version-history":[{"count":94,"href":"https:\/\/afamiguelhernandez.org\/index.php\/wp-json\/wp\/v2\/pages\/2422\/revisions"}],"predecessor-version":[{"id":6133,"href":"https:\/\/afamiguelhernandez.org\/index.php\/wp-json\/wp\/v2\/pages\/2422\/revisions\/6133"}],"wp:attachment":[{"href":"https:\/\/afamiguelhernandez.org\/index.php\/wp-json\/wp\/v2\/media?parent=2422"}],"curies":[{"name":"wp","href":"https:\/\/api.w.org\/{rel}","templated":true}]}}