{"id":4278,"date":"2022-05-04T08:49:49","date_gmt":"2022-05-04T06:49:49","guid":{"rendered":"https:\/\/afamiguelhernandez.org\/?page_id=4278"},"modified":"2022-10-29T14:09:38","modified_gmt":"2022-10-29T12:09:38","slug":"actividades-realizadas","status":"publish","type":"page","link":"https:\/\/afamiguelhernandez.org\/index.php\/actividades-realizadas\/","title":{"rendered":"ACTIVIDADES REALIZADAS"},"content":{"rendered":"\t\t<div data-elementor-type=\"wp-page\" data-elementor-id=\"4278\" class=\"elementor elementor-4278\">\n\t\t\t\t\t\t<section class=\"elementor-section elementor-top-section elementor-element elementor-element-b0442a4 elementor-section-boxed elementor-section-height-default elementor-section-height-default\" data-id=\"b0442a4\" data-element_type=\"section\" data-e-type=\"section\">\n\t\t\t\t\t\t<div class=\"elementor-container elementor-column-gap-default\">\n\t\t\t\t\t<div class=\"elementor-column elementor-col-100 elementor-top-column elementor-element elementor-element-b630738\" data-id=\"b630738\" data-element_type=\"column\" data-e-type=\"column\">\n\t\t\t<div class=\"elementor-widget-wrap elementor-element-populated\">\n\t\t\t\t\t\t<div class=\"elementor-element elementor-element-475b783 elementor-widget elementor-widget-heading\" data-id=\"475b783\" data-element_type=\"widget\" data-e-type=\"widget\" data-widget_type=\"heading.default\">\n\t\t\t\t<div class=\"elementor-widget-container\">\n\t\t\t\t\t<h2 class=\"elementor-heading-title elementor-size-default\">\u00daLTIMAS ACTIVIDADES<\/h2>\t\t\t\t<\/div>\n\t\t\t\t<\/div>\n\t\t\t\t\t<\/div>\n\t\t<\/div>\n\t\t\t\t\t<\/div>\n\t\t<\/section>\n\t\t\t\t<section class=\"elementor-section elementor-top-section elementor-element elementor-element-ae87074 elementor-section-boxed elementor-section-height-default elementor-section-height-default\" data-id=\"ae87074\" data-element_type=\"section\" data-e-type=\"section\">\n\t\t\t\t\t\t<div class=\"elementor-container elementor-column-gap-default\">\n\t\t\t\t\t<div class=\"elementor-column elementor-col-100 elementor-top-column elementor-element elementor-element-29911d3\" data-id=\"29911d3\" data-element_type=\"column\" data-e-type=\"column\">\n\t\t\t<div class=\"elementor-widget-wrap elementor-element-populated\">\n\t\t\t\t\t\t<div class=\"elementor-element elementor-element-12d4cf6 elementor-widget elementor-widget-heading\" data-id=\"12d4cf6\" data-element_type=\"widget\" data-e-type=\"widget\" data-widget_type=\"heading.default\">\n\t\t\t\t<div class=\"elementor-widget-container\">\n\t\t\t\t\t<h2 class=\"elementor-heading-title elementor-size-default\">ACTIVIDADES REALIZADAS POR LAS PERSONAS USUARIAS EN EL CENTRO<\/h2>\t\t\t\t<\/div>\n\t\t\t\t<\/div>\n\t\t\t\t\t<\/div>\n\t\t<\/div>\n\t\t\t\t\t<\/div>\n\t\t<\/section>\n\t\t\t\t<section class=\"elementor-section elementor-top-section elementor-element elementor-element-fe497cf elementor-section-boxed elementor-section-height-default elementor-section-height-default\" data-id=\"fe497cf\" data-element_type=\"section\" data-e-type=\"section\">\n\t\t\t\t\t\t<div class=\"elementor-container elementor-column-gap-default\">\n\t\t\t\t\t<div class=\"elementor-column elementor-col-100 elementor-top-column elementor-element elementor-element-b86f8c9\" data-id=\"b86f8c9\" data-element_type=\"column\" data-e-type=\"column\">\n\t\t\t<div class=\"elementor-widget-wrap elementor-element-populated\">\n\t\t\t\t\t\t<div class=\"elementor-element elementor-element-29a0642 elementor-widget__width-initial elementor-widget elementor-widget-video\" data-id=\"29a0642\" data-element_type=\"widget\" data-e-type=\"widget\" data-settings=\"{&quot;video_type&quot;:&quot;hosted&quot;,&quot;controls&quot;:&quot;yes&quot;}\" data-widget_type=\"video.default\">\n\t\t\t\t<div class=\"elementor-widget-container\">\n\t\t\t\t\t\t\t<div class=\"e-hosted-video elementor-wrapper elementor-open-inline\">\n\t\t\t\t\t<video class=\"elementor-video\" src=\"https:\/\/afamiguelhernandez.org\/wp-content\/uploads\/2022\/10\/Gerontogimnasia-video.mp4\" controls=\"\" preload=\"metadata\" controlsList=\"nodownload\"><\/video>\n\t\t\t\t<\/div>\n\t\t\t\t\t\t<\/div>\n\t\t\t\t<\/div>\n\t\t\t\t\t<\/div>\n\t\t<\/div>\n\t\t\t\t\t<\/div>\n\t\t<\/section>\n\t\t\t\t<section class=\"elementor-section elementor-top-section elementor-element elementor-element-703c28f elementor-section-boxed elementor-section-height-default elementor-section-height-default\" data-id=\"703c28f\" data-element_type=\"section\" data-e-type=\"section\">\n\t\t\t\t\t\t<div class=\"elementor-container elementor-column-gap-default\">\n\t\t\t\t\t<div class=\"elementor-column elementor-col-50 elementor-top-column elementor-element elementor-element-32fbe64\" data-id=\"32fbe64\" data-element_type=\"column\" data-e-type=\"column\">\n\t\t\t<div class=\"elementor-widget-wrap elementor-element-populated\">\n\t\t\t\t\t\t<div class=\"elementor-element elementor-element-4d46b54 elementor-widget elementor-widget-image\" data-id=\"4d46b54\" data-element_type=\"widget\" data-e-type=\"widget\" data-widget_type=\"image.default\">\n\t\t\t\t<div class=\"elementor-widget-container\">\n\t\t\t\t\t\t\t\t\t\t\t\t\t\t\t<img fetchpriority=\"high\" decoding=\"async\" width=\"576\" height=\"1024\" src=\"https:\/\/afamiguelhernandez.org\/wp-content\/uploads\/2022\/10\/Taller-psicomotricidad-576x1024.jpg\" class=\"attachment-large size-large wp-image-6295\" alt=\"\" srcset=\"https:\/\/afamiguelhernandez.org\/wp-content\/uploads\/2022\/10\/Taller-psicomotricidad-576x1024.jpg 576w, https:\/\/afamiguelhernandez.org\/wp-content\/uploads\/2022\/10\/Taller-psicomotricidad-169x300.jpg 169w, https:\/\/afamiguelhernandez.org\/wp-content\/uploads\/2022\/10\/Taller-psicomotricidad.jpg 640w\" sizes=\"(max-width: 576px) 100vw, 576px\" \/>\t\t\t\t\t\t\t\t\t\t\t\t\t\t\t<\/div>\n\t\t\t\t<\/div>\n\t\t\t\t\t<\/div>\n\t\t<\/div>\n\t\t\t\t<div class=\"elementor-column elementor-col-50 elementor-top-column elementor-element elementor-element-874f131\" data-id=\"874f131\" data-element_type=\"column\" data-e-type=\"column\">\n\t\t\t<div class=\"elementor-widget-wrap elementor-element-populated\">\n\t\t\t\t\t\t<div class=\"elementor-element elementor-element-b67120f elementor-widget elementor-widget-image\" data-id=\"b67120f\" data-element_type=\"widget\" data-e-type=\"widget\" data-widget_type=\"image.default\">\n\t\t\t\t<div class=\"elementor-widget-container\">\n\t\t\t\t\t\t\t\t\t\t\t\t\t\t\t<img decoding=\"async\" width=\"576\" height=\"1024\" src=\"https:\/\/afamiguelhernandez.org\/wp-content\/uploads\/2022\/10\/Taller-psicomotricidad2-576x1024.jpg\" class=\"attachment-large size-large wp-image-6296\" alt=\"\" srcset=\"https:\/\/afamiguelhernandez.org\/wp-content\/uploads\/2022\/10\/Taller-psicomotricidad2-576x1024.jpg 576w, https:\/\/afamiguelhernandez.org\/wp-content\/uploads\/2022\/10\/Taller-psicomotricidad2-169x300.jpg 169w, https:\/\/afamiguelhernandez.org\/wp-content\/uploads\/2022\/10\/Taller-psicomotricidad2.jpg 640w\" sizes=\"(max-width: 576px) 100vw, 576px\" \/>\t\t\t\t\t\t\t\t\t\t\t\t\t\t\t<\/div>\n\t\t\t\t<\/div>\n\t\t\t\t\t<\/div>\n\t\t<\/div>\n\t\t\t\t\t<\/div>\n\t\t<\/section>\n\t\t\t\t<section class=\"elementor-section elementor-top-section elementor-element elementor-element-db9e53f elementor-section-boxed elementor-section-height-default elementor-section-height-default\" data-id=\"db9e53f\" data-element_type=\"section\" data-e-type=\"section\">\n\t\t\t\t\t\t<div class=\"elementor-container elementor-column-gap-default\">\n\t\t\t\t\t<div class=\"elementor-column elementor-col-50 elementor-top-column elementor-element elementor-element-11e04c5\" data-id=\"11e04c5\" data-element_type=\"column\" data-e-type=\"column\">\n\t\t\t<div class=\"elementor-widget-wrap elementor-element-populated\">\n\t\t\t\t\t\t<div class=\"elementor-element elementor-element-5c60b0a elementor-widget elementor-widget-image\" data-id=\"5c60b0a\" data-element_type=\"widget\" data-e-type=\"widget\" data-widget_type=\"image.default\">\n\t\t\t\t<div class=\"elementor-widget-container\">\n\t\t\t\t\t\t\t\t\t\t\t\t\t\t\t<img decoding=\"async\" width=\"576\" height=\"1024\" src=\"https:\/\/afamiguelhernandez.org\/wp-content\/uploads\/2022\/10\/Praxias-576x1024.jpg\" class=\"attachment-large size-large wp-image-6293\" alt=\"\" srcset=\"https:\/\/afamiguelhernandez.org\/wp-content\/uploads\/2022\/10\/Praxias-576x1024.jpg 576w, https:\/\/afamiguelhernandez.org\/wp-content\/uploads\/2022\/10\/Praxias-169x300.jpg 169w, https:\/\/afamiguelhernandez.org\/wp-content\/uploads\/2022\/10\/Praxias.jpg 640w\" sizes=\"(max-width: 576px) 100vw, 576px\" \/>\t\t\t\t\t\t\t\t\t\t\t\t\t\t\t<\/div>\n\t\t\t\t<\/div>\n\t\t\t\t\t<\/div>\n\t\t<\/div>\n\t\t\t\t<div class=\"elementor-column elementor-col-50 elementor-top-column elementor-element elementor-element-aa440fe\" data-id=\"aa440fe\" data-element_type=\"column\" data-e-type=\"column\">\n\t\t\t<div class=\"elementor-widget-wrap elementor-element-populated\">\n\t\t\t\t\t\t<div class=\"elementor-element elementor-element-0f75279 elementor-widget elementor-widget-image\" data-id=\"0f75279\" data-element_type=\"widget\" data-e-type=\"widget\" data-widget_type=\"image.default\">\n\t\t\t\t<div class=\"elementor-widget-container\">\n\t\t\t\t\t\t\t\t\t\t\t\t\t\t\t<img loading=\"lazy\" decoding=\"async\" width=\"576\" height=\"1024\" src=\"https:\/\/afamiguelhernandez.org\/wp-content\/uploads\/2022\/10\/Praxias2-576x1024.jpg\" class=\"attachment-large size-large wp-image-6294\" alt=\"\" srcset=\"https:\/\/afamiguelhernandez.org\/wp-content\/uploads\/2022\/10\/Praxias2-576x1024.jpg 576w, https:\/\/afamiguelhernandez.org\/wp-content\/uploads\/2022\/10\/Praxias2-169x300.jpg 169w, https:\/\/afamiguelhernandez.org\/wp-content\/uploads\/2022\/10\/Praxias2.jpg 640w\" sizes=\"(max-width: 576px) 100vw, 576px\" \/>\t\t\t\t\t\t\t\t\t\t\t\t\t\t\t<\/div>\n\t\t\t\t<\/div>\n\t\t\t\t\t<\/div>\n\t\t<\/div>\n\t\t\t\t\t<\/div>\n\t\t<\/section>\n\t\t\t\t<section class=\"elementor-section elementor-top-section elementor-element elementor-element-dc2174f elementor-section-boxed elementor-section-height-default elementor-section-height-default\" data-id=\"dc2174f\" data-element_type=\"section\" data-e-type=\"section\">\n\t\t\t\t\t\t<div class=\"elementor-container elementor-column-gap-default\">\n\t\t\t\t\t<div class=\"elementor-column elementor-col-100 elementor-top-column elementor-element elementor-element-19f31e1\" data-id=\"19f31e1\" data-element_type=\"column\" data-e-type=\"column\">\n\t\t\t<div class=\"elementor-widget-wrap elementor-element-populated\">\n\t\t\t\t\t\t<div class=\"elementor-element elementor-element-5f97cd7 elementor-widget-divider--view-line_icon elementor-view-default elementor-widget-divider--element-align-center elementor-widget elementor-widget-divider\" data-id=\"5f97cd7\" data-element_type=\"widget\" data-e-type=\"widget\" data-widget_type=\"divider.default\">\n\t\t\t\t<div class=\"elementor-widget-container\">\n\t\t\t\t\t\t\t<div class=\"elementor-divider\">\n\t\t\t<span class=\"elementor-divider-separator\">\n\t\t\t\t\t\t\t<div class=\"elementor-icon elementor-divider__element\">\n\t\t\t\t\t<svg xmlns:dc=\"http:\/\/purl.org\/dc\/elements\/1.1\/\" xmlns:cc=\"http:\/\/creativecommons.org\/ns#\" xmlns:rdf=\"http:\/\/www.w3.org\/1999\/02\/22-rdf-syntax-ns#\" xmlns:svg=\"http:\/\/www.w3.org\/2000\/svg\" xmlns=\"http:\/\/www.w3.org\/2000\/svg\" viewBox=\"0 0 37.795334 37.795334\" height=\"37.795334\" width=\"37.795334\" xml:space=\"preserve\" id=\"svg2\"><metadata><\/metadata><defs id=\"defs6\"><clipPath id=\"clipPath18\" clipPathUnits=\"userSpaceOnUse\"><path id=\"path16\" d=\"M 0,28.346 H 28.346 V 0 H 0 Z\"><\/path><\/clipPath><\/defs><g transform=\"matrix(1.3333333,0,0,-1.3333333,0,37.795333)\" id=\"g10\"><g id=\"g12\"><g clip-path=\"url(#clipPath18)\" id=\"g14\"><g transform=\"translate(16.738,0.5218)\" id=\"g20\"><path id=\"path22\" style=\"fill:#db1558;fill-opacity:1;fill-rule:nonzero;stroke:none\" d=\"m 0,0 c 0.375,1.582 0.82,3.151 1.107,4.749 0.4,2.233 0.455,4.498 0.255,6.761 -0.013,0.141 -0.17,0.342 -0.302,0.385 -0.464,0.152 -0.672,0.477 -0.746,0.923 -0.214,1.293 0.351,3.945 0.41,3.965 C 1.27,15.74 2.492,13.842 2.529,13.249 2.562,12.734 2.387,12.336 1.954,12.032 1.83,11.944 1.71,11.727 1.725,11.584 2.134,7.789 1.797,4.064 0.71,0.406 0.671,0.275 0.658,0.136 0.632,0 Z\"><\/path><\/g><g transform=\"translate(23.1253,18.8731)\" id=\"g24\"><path id=\"path26\" style=\"fill:#db1558;fill-opacity:1;fill-rule:nonzero;stroke:none\" d=\"M 0,0 C -1.253,0.092 -2.411,0.513 -3.581,1.137 -2.486,1.519 -1.409,1.969 -0.29,2.26 0.497,2.465 1.246,2.247 1.306,1.25 1.386,0.474 0.637,-0.047 0,0\"><\/path><\/g><g transform=\"translate(22.6996,21.7397)\" id=\"g28\"><path id=\"path30\" style=\"fill:#346fc0;fill-opacity:1;fill-rule:nonzero;stroke:none\" d=\"m 0,0 c -1.132,-0.546 -2.346,-0.759 -3.671,-0.802 0.758,0.878 1.468,1.806 2.292,2.616 C -0.799,2.385 0.01,2.561 0.508,1.735 1.016,1.061 0.575,0.277 0,0\"><\/path><\/g><g transform=\"translate(23.7254,16.2132)\" id=\"g32\"><path id=\"path34\" style=\"fill:#94d339;fill-opacity:1;fill-rule:nonzero;stroke:none\" d=\"M 0,0 C -0.312,-0.476 -1.211,-0.422 -1.756,-0.088 -2.827,0.569 -3.662,1.475 -4.415,2.567 -3.266,2.403 -2.103,2.308 -0.975,2.053 -0.181,1.874 0.718,1.296 0,0\"><\/path><\/g><g transform=\"translate(21.232,24.2617)\" id=\"g36\"><path id=\"path38\" style=\"fill:#ad9c56;fill-opacity:1;fill-rule:nonzero;stroke:none\" d=\"m 0,0 c -0.794,-0.974 -1.802,-1.682 -2.985,-2.282 0.315,1.116 0.564,2.257 0.967,3.34 0.283,0.763 0.831,1.081 1.742,0.728 C 0.336,1.55 0.403,0.495 0,0\"><\/path><\/g><g transform=\"translate(18.8011,25.7139)\" id=\"g40\"><path id=\"path42\" style=\"fill:#4ea3d4;fill-opacity:1;fill-rule:nonzero;stroke:none\" d=\"m 0,0 c -0.278,-1.225 -0.868,-2.308 -1.66,-3.371 -0.214,1.14 -0.498,2.273 -0.618,3.422 -0.085,0.81 0.26,1.427 1.238,1.427 C -0.136,1.478 0.141,0.623 0,0\"><\/path><\/g><g transform=\"translate(18.5143,19.6829)\" id=\"g44\"><path id=\"path46\" style=\"fill:#db1558;fill-opacity:1;fill-rule:nonzero;stroke:none\" d=\"m 0,0 c -0.009,-0.887 -0.775,-1.649 -1.645,-1.636 -0.882,0.013 -1.611,0.781 -1.592,1.679 0.019,0.873 0.713,1.555 1.582,1.554 C -0.722,1.595 0.009,0.889 0,0\"><\/path><\/g><g transform=\"translate(16.0194,21.9792)\" id=\"g48\"><path id=\"path50\" style=\"fill:#db1558;fill-opacity:1;fill-rule:nonzero;stroke:none\" d=\"m 0,0 c -0.715,0.984 -1.616,2.002 -2.233,3.043 -0.53,0.894 0.096,1.865 1.065,1.849 0.52,-0.008 0.846,-0.306 0.93,-0.768 0.146,-0.805 0.232,-1.623 0.3,-2.439 C 0.105,1.169 0.079,0.103 0,0\"><\/path><\/g><g transform=\"translate(14.6001,18.7956)\" id=\"g52\"><path id=\"path54\" style=\"fill:#db1558;fill-opacity:1;fill-rule:nonzero;stroke:none\" d=\"m 0,0 c -1.01,-0.761 -1.926,-1.517 -2.911,-2.168 -0.587,-0.388 -1.324,-0.157 -1.675,0.367 -0.411,0.613 -0.212,1.306 0.463,1.614 C -3.397,0.144 -0.948,0.284 0,0\"><\/path><\/g><g transform=\"translate(15.3638,17.834)\" id=\"g56\"><path id=\"path58\" style=\"fill:#346fc0;fill-opacity:1;fill-rule:nonzero;stroke:none\" d=\"M 0,0 C -0.567,-1.13 -1.052,-2.214 -1.645,-3.235 -1.999,-3.843 -2.762,-3.964 -3.31,-3.65 -3.95,-3.283 -4.079,-2.574 -3.611,-1.998 -3.108,-1.38 -0.975,-0.167 0,0\"><\/path><\/g><g transform=\"translate(16.3594,17.34)\" id=\"g60\"><path id=\"path62\" style=\"fill:#ad9c56;fill-opacity:1;fill-rule:nonzero;stroke:none\" d=\"M 0,0 C 0.032,-1.264 0.114,-2.449 0.071,-3.629 0.045,-4.332 -0.571,-4.798 -1.203,-4.778 -1.939,-4.756 -2.387,-4.191 -2.245,-3.463 -2.093,-2.68 -0.782,-0.606 0,0\"><\/path><\/g><g transform=\"translate(14.4226,19.8765)\" id=\"g64\"><path id=\"path66\" style=\"fill:#94d339;fill-opacity:1;fill-rule:nonzero;stroke:none\" d=\"M 0,0 C -1.236,-0.266 -2.385,-0.343 -3.553,-0.521 -4.248,-0.626 -4.82,-0.107 -4.918,0.517 -5.033,1.245 -4.561,1.79 -3.82,1.786 -3.022,1.782 -0.741,0.656 0,0\"><\/path><\/g><g transform=\"translate(8.2517,23.3656)\" id=\"g68\"><path id=\"path70\" style=\"fill:#346fc0;fill-opacity:1;fill-rule:nonzero;stroke:none\" d=\"M 0,0 C -1.089,-0.245 -2.1,-0.321 -3.128,-0.486 -3.74,-0.584 -4.24,-0.126 -4.322,0.429 -4.419,1.077 -4,1.565 -3.348,1.566 -2.647,1.567 -0.648,0.579 0,0\"><\/path><\/g><g transform=\"translate(11.5788,23.9809)\" id=\"g72\"><path id=\"path74\" style=\"fill:#ad9c56;fill-opacity:1;fill-rule:nonzero;stroke:none\" d=\"m 0,0 c -1.173,0.473 -2.167,1.053 -3.233,1.561 -0.635,0.302 -0.818,1.053 -0.55,1.625 0.313,0.667 1.01,0.854 1.622,0.435 C -1.503,3.17 -0.246,0.958 0,0\"><\/path><\/g><g transform=\"translate(18.5631,17.6909)\" id=\"g76\"><path id=\"path78\" style=\"fill:#346fc0;fill-opacity:1;fill-rule:nonzero;stroke:none\" d=\"M 0,0 C 0.928,-0.646 2.065,-1.248 2.928,-1.972 3.668,-2.593 3.391,-3.705 2.515,-4.001 2.005,-4.173 1.505,-3.926 1.177,-3.189 0.733,-2.191 -0.061,-0.04 0,0\"><\/path><\/g><\/g><\/g><\/g><\/svg><\/div>\n\t\t\t\t\t\t<\/span>\n\t\t<\/div>\n\t\t\t\t\t\t<\/div>\n\t\t\t\t<\/div>\n\t\t\t\t<section class=\"elementor-section elementor-inner-section elementor-element elementor-element-05c98ee elementor-section-boxed elementor-section-height-default elementor-section-height-default\" data-id=\"05c98ee\" data-element_type=\"section\" data-e-type=\"section\">\n\t\t\t\t\t\t<div class=\"elementor-container elementor-column-gap-default\">\n\t\t\t\t\t<div class=\"elementor-column elementor-col-50 elementor-inner-column elementor-element elementor-element-93b3ccd\" data-id=\"93b3ccd\" data-element_type=\"column\" data-e-type=\"column\">\n\t\t\t<div class=\"elementor-widget-wrap elementor-element-populated\">\n\t\t\t\t\t\t<div class=\"elementor-element elementor-element-affea1f elementor-widget elementor-widget-image\" data-id=\"affea1f\" data-element_type=\"widget\" data-e-type=\"widget\" data-widget_type=\"image.default\">\n\t\t\t\t<div class=\"elementor-widget-container\">\n\t\t\t\t\t\t\t\t\t\t\t\t\t\t\t<img decoding=\"async\" src=\"https:\/\/afamiguelhernandez.org\/wp-content\/uploads\/elementor\/thumbs\/LIBRO-pob4labehvjtkqaui5kn5jhwehuh62j7r8xiem1nxs.jpg\" title=\"LIBRO\" alt=\"LIBRO\" loading=\"lazy\" \/>\t\t\t\t\t\t\t\t\t\t\t\t\t\t\t<\/div>\n\t\t\t\t<\/div>\n\t\t\t\t\t<\/div>\n\t\t<\/div>\n\t\t\t\t<div class=\"elementor-column elementor-col-50 elementor-inner-column elementor-element elementor-element-6b21eb0\" data-id=\"6b21eb0\" data-element_type=\"column\" data-e-type=\"column\">\n\t\t\t<div class=\"elementor-widget-wrap elementor-element-populated\">\n\t\t\t\t\t\t<div class=\"elementor-element elementor-element-b66694b elementor-widget elementor-widget-heading\" data-id=\"b66694b\" data-element_type=\"widget\" data-e-type=\"widget\" data-widget_type=\"heading.default\">\n\t\t\t\t<div class=\"elementor-widget-container\">\n\t\t\t\t\t<h2 class=\"elementor-heading-title elementor-size-default\">D\u00cdA DEL LIBRO<\/h2>\t\t\t\t<\/div>\n\t\t\t\t<\/div>\n\t\t\t\t<div class=\"elementor-element elementor-element-f646279 elementor-widget elementor-widget-text-editor\" data-id=\"f646279\" data-element_type=\"widget\" data-e-type=\"widget\" data-widget_type=\"text-editor.default\">\n\t\t\t\t<div class=\"elementor-widget-container\">\n\t\t\t\t\t\t\t\t\t<h3><span style=\"color: var( --e-global-color-545e271 ); font-style: inherit; font-weight: inherit; font-size: 15px;\">Las personas usuarias de AFA Miguel Hern\u00e1ndez se han adentrado al mundo de la lectura a trav\u00e9s de escritores espa\u00f1oles como Miguel Hern\u00e1ndez, Gustavo Adolfo B\u00e9cquer, Benito P\u00e9rez Gald\u00f3s entre otros.<\/span><br><\/h3>\n<p>Leer es una forma de proteger el cerebro y asegurar el bienestar mental de las personas mayores. La lectura tambi\u00e9n nos aporta diversos beneficios como:<\/p>\n<p><\/p>\n<p>Fomenta la atenci\u00f3n y la capacidad de concentraci\u00f3n.<\/p>\n<p>Mejora la memoria.<\/p>\n<p>Aumenta la creatividad y la imaginaci\u00f3n.<\/p>\n<p>Incrementa la empat\u00eda.<\/p>\t\t\t\t\t\t\t\t<\/div>\n\t\t\t\t<\/div>\n\t\t\t\t\t<\/div>\n\t\t<\/div>\n\t\t\t\t\t<\/div>\n\t\t<\/section>\n\t\t\t\t\t<\/div>\n\t\t<\/div>\n\t\t\t\t\t<\/div>\n\t\t<\/section>\n\t\t\t\t<\/div>\n\t\t","protected":false},"excerpt":{"rendered":"<p>\u00daLTIMAS ACTIVIDADES ACTIVIDADES REALIZADAS POR LAS PERSONAS USUARIAS EN EL CENTRO https:\/\/afamiguelhernandez.org\/wp-content\/uploads\/2022\/10\/Gerontogimnasia-video.mp4 D\u00cdA DEL LIBRO Las personas usuarias de AFA Miguel Hern\u00e1ndez se han adentrado al mundo de la lectura a trav\u00e9s de escritores espa\u00f1oles como Miguel Hern\u00e1ndez, Gustavo Adolfo B\u00e9cquer, Benito P\u00e9rez Gald\u00f3s entre otros. Leer es una forma de proteger el cerebro y [&hellip;]<\/p>\n","protected":false},"author":2,"featured_media":0,"parent":0,"menu_order":0,"comment_status":"closed","ping_status":"closed","template":"","meta":{"site-sidebar-layout":"no-sidebar","site-content-layout":"page-builder","ast-site-content-layout":"default","site-content-style":"default","site-sidebar-style":"default","ast-global-header-display":"","ast-banner-title-visibility":"","ast-main-header-display":"","ast-hfb-above-header-display":"","ast-hfb-below-header-display":"","ast-hfb-mobile-header-display":"","site-post-title":"disabled","ast-breadcrumbs-content":"","ast-featured-img":"disabled","footer-sml-layout":"","ast-disable-related-posts":"","theme-transparent-header-meta":"","adv-header-id-meta":"","stick-header-meta":"","header-above-stick-meta":"","header-main-stick-meta":"","header-below-stick-meta":"","astra-migrate-meta-layouts":"default","ast-page-background-enabled":"default","ast-page-background-meta":{"desktop":{"background-color":"","background-image":"","background-repeat":"repeat","background-position":"center center","background-size":"auto","background-attachment":"scroll","background-type":"","background-media":"","overlay-type":"","overlay-color":"","overlay-opacity":"","overlay-gradient":""},"tablet":{"background-color":"","background-image":"","background-repeat":"repeat","background-position":"center center","background-size":"auto","background-attachment":"scroll","background-type":"","background-media":"","overlay-type":"","overlay-color":"","overlay-opacity":"","overlay-gradient":""},"mobile":{"background-color":"","background-image":"","background-repeat":"repeat","background-position":"center center","background-size":"auto","background-attachment":"scroll","background-type":"","background-media":"","overlay-type":"","overlay-color":"","overlay-opacity":"","overlay-gradient":""}},"ast-content-background-meta":{"desktop":{"background-color":"var(--ast-global-color-5)","background-image":"","background-repeat":"repeat","background-position":"center center","background-size":"auto","background-attachment":"scroll","background-type":"","background-media":"","overlay-type":"","overlay-color":"","overlay-opacity":"","overlay-gradient":""},"tablet":{"background-color":"var(--ast-global-color-5)","background-image":"","background-repeat":"repeat","background-position":"center center","background-size":"auto","background-attachment":"scroll","background-type":"","background-media":"","overlay-type":"","overlay-color":"","overlay-opacity":"","overlay-gradient":""},"mobile":{"background-color":"var(--ast-global-color-5)","background-image":"","background-repeat":"repeat","background-position":"center center","background-size":"auto","background-attachment":"scroll","background-type":"","background-media":"","overlay-type":"","overlay-color":"","overlay-opacity":"","overlay-gradient":""}},"footnotes":""},"class_list":["post-4278","page","type-page","status-publish","hentry"],"_links":{"self":[{"href":"https:\/\/afamiguelhernandez.org\/index.php\/wp-json\/wp\/v2\/pages\/4278"}],"collection":[{"href":"https:\/\/afamiguelhernandez.org\/index.php\/wp-json\/wp\/v2\/pages"}],"about":[{"href":"https:\/\/afamiguelhernandez.org\/index.php\/wp-json\/wp\/v2\/types\/page"}],"author":[{"embeddable":true,"href":"https:\/\/afamiguelhernandez.org\/index.php\/wp-json\/wp\/v2\/users\/2"}],"replies":[{"embeddable":true,"href":"https:\/\/afamiguelhernandez.org\/index.php\/wp-json\/wp\/v2\/comments?post=4278"}],"version-history":[{"count":93,"href":"https:\/\/afamiguelhernandez.org\/index.php\/wp-json\/wp\/v2\/pages\/4278\/revisions"}],"predecessor-version":[{"id":6670,"href":"https:\/\/afamiguelhernandez.org\/index.php\/wp-json\/wp\/v2\/pages\/4278\/revisions\/6670"}],"wp:attachment":[{"href":"https:\/\/afamiguelhernandez.org\/index.php\/wp-json\/wp\/v2\/media?parent=4278"}],"curies":[{"name":"wp","href":"https:\/\/api.w.org\/{rel}","templated":true}]}}