{"id":4827,"date":"2022-05-09T14:06:27","date_gmt":"2022-05-09T12:06:27","guid":{"rendered":"https:\/\/afamiguelhernandez.org\/?page_id=4827"},"modified":"2024-04-16T11:40:24","modified_gmt":"2024-04-16T09:40:24","slug":"voluntariado","status":"publish","type":"page","link":"https:\/\/afamiguelhernandez.org\/index.php\/voluntariado\/","title":{"rendered":"Voluntariado"},"content":{"rendered":"\t\t<div data-elementor-type=\"wp-page\" data-elementor-id=\"4827\" class=\"elementor elementor-4827\">\n\t\t\t\t\t\t<section class=\"elementor-section elementor-top-section elementor-element elementor-element-73db62a elementor-section-boxed elementor-section-height-default elementor-section-height-default\" data-id=\"73db62a\" data-element_type=\"section\" data-e-type=\"section\">\n\t\t\t\t\t\t<div class=\"elementor-container elementor-column-gap-default\">\n\t\t\t\t\t<div class=\"elementor-column elementor-col-100 elementor-top-column elementor-element elementor-element-77540bc\" data-id=\"77540bc\" data-element_type=\"column\" data-e-type=\"column\">\n\t\t\t<div class=\"elementor-widget-wrap elementor-element-populated\">\n\t\t\t\t\t\t<div class=\"elementor-element elementor-element-54bf58b elementor-widget elementor-widget-heading\" data-id=\"54bf58b\" data-element_type=\"widget\" data-e-type=\"widget\" data-widget_type=\"heading.default\">\n\t\t\t\t<div class=\"elementor-widget-container\">\n\t\t\t\t\t<h2 class=\"elementor-heading-title elementor-size-large\">VOLUNTARIADO EN AFA MIGUEL HERN\u00c1NDEZ<\/h2>\t\t\t\t<\/div>\n\t\t\t\t<\/div>\n\t\t\t\t<div class=\"elementor-element elementor-element-78ae08f elementor-widget elementor-widget-image\" data-id=\"78ae08f\" data-element_type=\"widget\" data-e-type=\"widget\" data-widget_type=\"image.default\">\n\t\t\t\t<div class=\"elementor-widget-container\">\n\t\t\t\t\t\t\t\t\t\t\t\t\t\t\t<img fetchpriority=\"high\" decoding=\"async\" width=\"751\" height=\"173\" src=\"https:\/\/afamiguelhernandez.org\/wp-content\/uploads\/2024\/04\/Encabezado.jpg\" class=\"attachment-large size-large wp-image-8331\" alt=\"\" srcset=\"https:\/\/afamiguelhernandez.org\/wp-content\/uploads\/2024\/04\/Encabezado.jpg 751w, https:\/\/afamiguelhernandez.org\/wp-content\/uploads\/2024\/04\/Encabezado-300x69.jpg 300w\" sizes=\"(max-width: 751px) 100vw, 751px\" \/>\t\t\t\t\t\t\t\t\t\t\t\t\t\t\t<\/div>\n\t\t\t\t<\/div>\n\t\t\t\t\t<\/div>\n\t\t<\/div>\n\t\t\t\t\t<\/div>\n\t\t<\/section>\n\t\t\t\t<section class=\"elementor-section elementor-top-section elementor-element elementor-element-45de4f8 elementor-section-boxed elementor-section-height-default elementor-section-height-default\" data-id=\"45de4f8\" data-element_type=\"section\" data-e-type=\"section\">\n\t\t\t\t\t\t<div class=\"elementor-container elementor-column-gap-default\">\n\t\t\t\t\t<div class=\"elementor-column elementor-col-100 elementor-top-column elementor-element elementor-element-932333b\" data-id=\"932333b\" data-element_type=\"column\" data-e-type=\"column\">\n\t\t\t<div class=\"elementor-widget-wrap elementor-element-populated\">\n\t\t\t\t\t\t<div class=\"elementor-element elementor-element-9858574 elementor-widget elementor-widget-text-editor\" data-id=\"9858574\" data-element_type=\"widget\" data-e-type=\"widget\" data-widget_type=\"text-editor.default\">\n\t\t\t\t<div class=\"elementor-widget-container\">\n\t\t\t\t\t\t\t\t\t<p style=\"text-align: center;\"><span class=\"fontstyle0\" style=\"color: #000000;\">AFA Miguel Hern\u00e1ndez pretende con el programa de sensibilizaci\u00f3n y fomento del voluntariado concienciar y captar a los posibles voluntarios\/as, mediante acciones informativas y din\u00e1micas grupales acerca de las demencias, y m\u00e1s concretamente promover la implicaci\u00f3n y captaci\u00f3n de personal voluntario entre los familiares de las personas usuarias del centro, y con ello, conseguir una cooperaci\u00f3n y participaci\u00f3n de la ciudadan\u00eda en A.F.A. `Miguel Hern\u00e1ndez\u00b4. En definitiva, ofrecer informaci\u00f3n acerca de una enfermedad cada vez m\u00e1s com\u00fan entre la poblaci\u00f3n, y al mismo tiempo, fomentar la colaboraci\u00f3n desinteresada entre los mismos asistentes. Tambi\u00e9n pretendemos llevar a cabo Campa\u00f1as en Centros Educativos, Sociales y Asociaciones\/entidades del Tercer Sector, para proporcionar informaci\u00f3n de la enfermedad, de los recursos existentes en la Asociaci\u00f3n y la importancia del voluntariado. Adem\u00e1s de crear conciencia y eliminar las falsas creencias\/tab\u00fas acerca de la enfermedad de Alzheimer y las demencias en general. Por otra parte, se animar\u00e1 a los asistentes a realizar voluntariado en la asociaci\u00f3n fomentando esta necesaria figura, pilar fundamental en las asociaciones. Promoviendo los valores de responsabilidad, inclusi\u00f3n, integridad y respeto.\u00a0<\/span><\/p>\t\t\t\t\t\t\t\t<\/div>\n\t\t\t\t<\/div>\n\t\t\t\t\t<\/div>\n\t\t<\/div>\n\t\t\t\t\t<\/div>\n\t\t<\/section>\n\t\t\t\t<section class=\"elementor-section elementor-top-section elementor-element elementor-element-00ad604 elementor-section-boxed elementor-section-height-default elementor-section-height-default\" data-id=\"00ad604\" data-element_type=\"section\" data-e-type=\"section\">\n\t\t\t\t\t\t<div class=\"elementor-container elementor-column-gap-default\">\n\t\t\t\t\t<div class=\"elementor-column elementor-col-50 elementor-top-column elementor-element elementor-element-87bf122\" data-id=\"87bf122\" data-element_type=\"column\" data-e-type=\"column\">\n\t\t\t<div class=\"elementor-widget-wrap\">\n\t\t\t\t\t\t\t<\/div>\n\t\t<\/div>\n\t\t\t\t<div class=\"elementor-column elementor-col-50 elementor-top-column elementor-element elementor-element-161b46c\" data-id=\"161b46c\" data-element_type=\"column\" data-e-type=\"column\">\n\t\t\t<div class=\"elementor-widget-wrap\">\n\t\t\t\t\t\t\t<\/div>\n\t\t<\/div>\n\t\t\t\t\t<\/div>\n\t\t<\/section>\n\t\t\t\t<section class=\"elementor-section elementor-top-section elementor-element elementor-element-10f2357 elementor-section-boxed elementor-section-height-default elementor-section-height-default\" data-id=\"10f2357\" data-element_type=\"section\" data-e-type=\"section\">\n\t\t\t\t\t\t<div class=\"elementor-container elementor-column-gap-default\">\n\t\t\t\t\t<div class=\"elementor-column elementor-col-100 elementor-top-column elementor-element elementor-element-f98f4a0\" data-id=\"f98f4a0\" data-element_type=\"column\" data-e-type=\"column\">\n\t\t\t<div class=\"elementor-widget-wrap elementor-element-populated\">\n\t\t\t\t\t\t<div class=\"elementor-element elementor-element-f2f1eb7 elementor-widget elementor-widget-text-editor\" data-id=\"f2f1eb7\" data-element_type=\"widget\" data-e-type=\"widget\" data-widget_type=\"text-editor.default\">\n\t\t\t\t<div class=\"elementor-widget-container\">\n\t\t\t\t\t\t\t\t\t<p style=\"text-align: center;\">Asociados a la Plataforma del Voluntariat de la Comunidad Valenciana.<\/p>\t\t\t\t\t\t\t\t<\/div>\n\t\t\t\t<\/div>\n\t\t\t\t\t<\/div>\n\t\t<\/div>\n\t\t\t\t\t<\/div>\n\t\t<\/section>\n\t\t\t\t<section class=\"elementor-section elementor-top-section elementor-element elementor-element-38cb8b9 elementor-section-boxed elementor-section-height-default elementor-section-height-default\" data-id=\"38cb8b9\" data-element_type=\"section\" data-e-type=\"section\">\n\t\t\t\t\t\t<div class=\"elementor-container elementor-column-gap-default\">\n\t\t\t\t\t<div class=\"elementor-column elementor-col-100 elementor-top-column elementor-element elementor-element-cd534b3\" data-id=\"cd534b3\" data-element_type=\"column\" data-e-type=\"column\">\n\t\t\t<div class=\"elementor-widget-wrap\">\n\t\t\t\t\t\t\t<\/div>\n\t\t<\/div>\n\t\t\t\t\t<\/div>\n\t\t<\/section>\n\t\t\t\t<\/div>\n\t\t","protected":false},"excerpt":{"rendered":"<p>VOLUNTARIADO EN AFA MIGUEL HERN\u00c1NDEZ AFA Miguel Hern\u00e1ndez pretende con el programa de sensibilizaci\u00f3n y fomento del voluntariado concienciar y captar a los posibles voluntarios\/as, mediante acciones informativas y din\u00e1micas grupales acerca de las demencias, y m\u00e1s concretamente promover la implicaci\u00f3n y captaci\u00f3n de personal voluntario entre los familiares de las personas usuarias del centro, [&hellip;]<\/p>\n","protected":false},"author":2,"featured_media":0,"parent":0,"menu_order":0,"comment_status":"closed","ping_status":"closed","template":"","meta":{"site-sidebar-layout":"no-sidebar","site-content-layout":"page-builder","ast-site-content-layout":"full-width-container","site-content-style":"unboxed","site-sidebar-style":"unboxed","ast-global-header-display":"","ast-banner-title-visibility":"","ast-main-header-display":"","ast-hfb-above-header-display":"","ast-hfb-below-header-display":"","ast-hfb-mobile-header-display":"","site-post-title":"disabled","ast-breadcrumbs-content":"","ast-featured-img":"disabled","footer-sml-layout":"","ast-disable-related-posts":"","theme-transparent-header-meta":"default","adv-header-id-meta":"","stick-header-meta":"","header-above-stick-meta":"","header-main-stick-meta":"","header-below-stick-meta":"","astra-migrate-meta-layouts":"set","ast-page-background-enabled":"default","ast-page-background-meta":{"desktop":{"background-color":"","background-image":"","background-repeat":"repeat","background-position":"center center","background-size":"auto","background-attachment":"scroll","background-type":"","background-media":"","overlay-type":"","overlay-color":"","overlay-opacity":"","overlay-gradient":""},"tablet":{"background-color":"","background-image":"","background-repeat":"repeat","background-position":"center center","background-size":"auto","background-attachment":"scroll","background-type":"","background-media":"","overlay-type":"","overlay-color":"","overlay-opacity":"","overlay-gradient":""},"mobile":{"background-color":"","background-image":"","background-repeat":"repeat","background-position":"center center","background-size":"auto","background-attachment":"scroll","background-type":"","background-media":"","overlay-type":"","overlay-color":"","overlay-opacity":"","overlay-gradient":""}},"ast-content-background-meta":{"desktop":{"background-color":"var(--ast-global-color-5)","background-image":"","background-repeat":"repeat","background-position":"center center","background-size":"auto","background-attachment":"scroll","background-type":"","background-media":"","overlay-type":"","overlay-color":"","overlay-opacity":"","overlay-gradient":""},"tablet":{"background-color":"var(--ast-global-color-5)","background-image":"","background-repeat":"repeat","background-position":"center center","background-size":"auto","background-attachment":"scroll","background-type":"","background-media":"","overlay-type":"","overlay-color":"","overlay-opacity":"","overlay-gradient":""},"mobile":{"background-color":"var(--ast-global-color-5)","background-image":"","background-repeat":"repeat","background-position":"center center","background-size":"auto","background-attachment":"scroll","background-type":"","background-media":"","overlay-type":"","overlay-color":"","overlay-opacity":"","overlay-gradient":""}},"footnotes":""},"class_list":["post-4827","page","type-page","status-publish","hentry"],"_links":{"self":[{"href":"https:\/\/afamiguelhernandez.org\/index.php\/wp-json\/wp\/v2\/pages\/4827"}],"collection":[{"href":"https:\/\/afamiguelhernandez.org\/index.php\/wp-json\/wp\/v2\/pages"}],"about":[{"href":"https:\/\/afamiguelhernandez.org\/index.php\/wp-json\/wp\/v2\/types\/page"}],"author":[{"embeddable":true,"href":"https:\/\/afamiguelhernandez.org\/index.php\/wp-json\/wp\/v2\/users\/2"}],"replies":[{"embeddable":true,"href":"https:\/\/afamiguelhernandez.org\/index.php\/wp-json\/wp\/v2\/comments?post=4827"}],"version-history":[{"count":50,"href":"https:\/\/afamiguelhernandez.org\/index.php\/wp-json\/wp\/v2\/pages\/4827\/revisions"}],"predecessor-version":[{"id":8346,"href":"https:\/\/afamiguelhernandez.org\/index.php\/wp-json\/wp\/v2\/pages\/4827\/revisions\/8346"}],"wp:attachment":[{"href":"https:\/\/afamiguelhernandez.org\/index.php\/wp-json\/wp\/v2\/media?parent=4827"}],"curies":[{"name":"wp","href":"https:\/\/api.w.org\/{rel}","templated":true}]}}