{"id":654,"date":"2021-02-16T12:24:46","date_gmt":"2021-02-16T12:24:46","guid":{"rendered":"https:\/\/afamiguelhernandez.org\/?page_id=654"},"modified":"2022-05-10T20:15:53","modified_gmt":"2022-05-10T18:15:53","slug":"politica-de-calidad","status":"publish","type":"page","link":"https:\/\/afamiguelhernandez.org\/index.php\/politica-de-calidad\/","title":{"rendered":"POLITICA DE CALIDAD"},"content":{"rendered":"\t\t<div data-elementor-type=\"wp-page\" data-elementor-id=\"654\" class=\"elementor elementor-654\">\n\t\t\t\t\t\t<section class=\"elementor-section elementor-top-section elementor-element elementor-element-b78cf6e elementor-section-boxed elementor-section-height-default elementor-section-height-default\" data-id=\"b78cf6e\" data-element_type=\"section\" data-e-type=\"section\">\n\t\t\t\t\t\t\t<div class=\"elementor-background-overlay\"><\/div>\n\t\t\t\t\t\t\t<div class=\"elementor-container elementor-column-gap-default\">\n\t\t\t\t\t<div class=\"elementor-column elementor-col-100 elementor-top-column elementor-element elementor-element-3d2d1ba\" data-id=\"3d2d1ba\" data-element_type=\"column\" data-e-type=\"column\">\n\t\t\t<div class=\"elementor-widget-wrap elementor-element-populated\">\n\t\t\t\t\t\t<div class=\"elementor-element elementor-element-1d29ee71 elementor-widget elementor-widget-heading\" data-id=\"1d29ee71\" data-element_type=\"widget\" data-e-type=\"widget\" data-widget_type=\"heading.default\">\n\t\t\t\t<div class=\"elementor-widget-container\">\n\t\t\t\t\t<h4 class=\"elementor-heading-title elementor-size-default\">POLITICA DE CALIDAD<\/h4>\t\t\t\t<\/div>\n\t\t\t\t<\/div>\n\t\t\t\t<div class=\"elementor-element elementor-element-bea35bc elementor-view-default elementor-widget elementor-widget-icon\" data-id=\"bea35bc\" data-element_type=\"widget\" data-e-type=\"widget\" data-widget_type=\"icon.default\">\n\t\t\t\t<div class=\"elementor-widget-container\">\n\t\t\t\t\t\t\t<div class=\"elementor-icon-wrapper\">\n\t\t\t<div class=\"elementor-icon\">\n\t\t\t\t\t\t<\/div>\n\t\t<\/div>\n\t\t\t\t\t\t<\/div>\n\t\t\t\t<\/div>\n\t\t\t\t\t<\/div>\n\t\t<\/div>\n\t\t\t\t\t<\/div>\n\t\t<\/section>\n\t\t\t\t<section class=\"elementor-section elementor-top-section elementor-element elementor-element-7568edb elementor-section-boxed elementor-section-height-default elementor-section-height-default\" data-id=\"7568edb\" data-element_type=\"section\" data-e-type=\"section\">\n\t\t\t\t\t\t\t<div class=\"elementor-background-overlay\"><\/div>\n\t\t\t\t\t\t\t<div class=\"elementor-container elementor-column-gap-default\">\n\t\t\t\t\t<div class=\"elementor-column elementor-col-100 elementor-top-column elementor-element elementor-element-b4d9826\" data-id=\"b4d9826\" data-element_type=\"column\" data-e-type=\"column\">\n\t\t\t<div class=\"elementor-widget-wrap elementor-element-populated\">\n\t\t\t\t\t\t<div class=\"elementor-element elementor-element-8cea913 elementor-widget elementor-widget-text-editor\" data-id=\"8cea913\" data-element_type=\"widget\" data-e-type=\"widget\" data-widget_type=\"text-editor.default\">\n\t\t\t\t<div class=\"elementor-widget-container\">\n\t\t\t\t\t\t\t\t\t<p>El <strong>AFA MIGUEL HERNANDEZ<\/strong> define esta Pol\u00edtica de Calidad de la organizaci\u00f3n con el fin de mantener la satisfacci\u00f3n y confianza de nuestros usuarios y sus familias, as\u00ed como la de nuestros trabajadores. Para ello el centro <span style=\"color: #000000;\"><strong><u>ha adquirido el compromiso de liderar un plan de mejora continua<\/u><\/strong><\/span> mediante un Sistema de Gesti\u00f3n de Calidad, as\u00ed como el de satisfacer todos los requisitos legales y necesidades de nuestros usuarios.<\/p><p>LA <strong><span style=\"color: #000000;\"><u>MISION<\/u><\/span><\/strong> del <strong>AFA MIGUEL HERNANDEZ<\/strong> es conseguir la mejora permanente de la Calidad de Vida de las Personas con Alzheimer mediante una atenci\u00f3n habilitadora integral\u00a0 centrada en la persona y en su entorno.<\/p><p>LOS <span style=\"color: #000000;\"><u>VALORES<\/u><\/span> del <strong>AFA MIGUEL HERNANDEZ<\/strong>: CALIDAD DE VIDA, AUTODETERMINACI\u00d3N, PARTICIPACI\u00d3N, CONDUCTA ETICA y AUTOESTIMA<\/p><p>LA <span style=\"color: #000000;\"><u>VISION<\/u><\/span> del <strong>AFA MIGUEL HERNANDEZ<\/strong>:<\/p><ul><li>Los usuarios ser\u00e1n tratados con respeto y participaran activamente en la organizaci\u00f3n.<\/li><li>Las familias ser\u00e1n un gran apoyo para el usuario. Estar\u00e1n adecuadamente asesoradas y m\u00e1s concienciadas de sus derechos.<\/li><li>Todos los directivos y profesionales ser\u00e1n activos, competentes, participativos, con una visi\u00f3n abierta a los cambios, receptivos, respetuosos, ilusionados y orgullosos de su trabajo.<\/li><li>El centro ser\u00e1 una organizaci\u00f3n orientada hacia un apoyo individualizado e impulsar\u00e1 y promover\u00e1 la creaci\u00f3n de servicios seg\u00fan las necesidades.<\/li><\/ul><p><span style=\"color: #000000;\"><u>\u00a0<\/u><u style=\"font-style: inherit; font-weight: inherit; font-family: var( --e-global-typography-text-font-family ), Sans-serif;\">Para cumplir lo anterior se marcan las siguientes directrices respecto al Sistema de Gesti\u00f3n de Calidad:<\/u><\/span><\/p><ul><li>Transmitir la importancia de mejora de los procesos evitando la existencia de fallos en el sistema.<\/li><li>Poner a disposici\u00f3n del personal los medios necesarios para una adecuada formaci\u00f3n que les permita realizar las tareas con mayor eficacia y eficiencia, as\u00ed como los medios f\u00edsicos convenientes para el mejor desarrollo de estas tareas.<\/li><li>Concienciar al personal de las responsabilidades de su puesto de trabajo e implicarlo en la gesti\u00f3n de la Calidad.<\/li><li>Conseguir la colaboraci\u00f3n de los familiares para lograr un bienestar mayor de los usuarios.<\/li><li>Lograr una mayor satisfacci\u00f3n de los usuarios, trabajadores y familiares.<\/li><li><span style=\"color: #000000;\"><u style=\"font-style: inherit; font-weight: inherit; font-family: var( --e-global-typography-text-font-family ), Sans-serif;\">As\u00ed, es responsabilidad de la Direcci\u00f3n el correcto cumplimiento de estas directrices y de su implantaci\u00f3n, que vincular\u00e1n a todo el personal.<\/u><\/span><\/li><\/ul><h6><span style=\"color: #000000;\"><strong>Cox, a 1<\/strong><strong>7 de <\/strong><strong>Junio de 2.01<\/strong><strong>9<\/strong><\/span><\/h6><p><strong>\u00a0<\/strong><\/p><p><strong>\u00a0<\/strong><\/p><p><span style=\"color: #000000;\"><strong>Fdo. Junta Directiva <\/strong><\/span><\/p>\t\t\t\t\t\t\t\t<\/div>\n\t\t\t\t<\/div>\n\t\t\t\t\t<\/div>\n\t\t<\/div>\n\t\t\t\t\t<\/div>\n\t\t<\/section>\n\t\t\t\t<\/div>\n\t\t","protected":false},"excerpt":{"rendered":"<p>POLITICA DE CALIDAD El AFA MIGUEL HERNANDEZ define esta Pol\u00edtica de Calidad de la organizaci\u00f3n con el fin de mantener la satisfacci\u00f3n y confianza de nuestros usuarios y sus familias, as\u00ed como la de nuestros trabajadores. Para ello el centro ha adquirido el compromiso de liderar un plan de mejora continua mediante un Sistema de [&hellip;]<\/p>\n","protected":false},"author":1,"featured_media":0,"parent":0,"menu_order":0,"comment_status":"closed","ping_status":"closed","template":"","meta":{"site-sidebar-layout":"no-sidebar","site-content-layout":"page-builder","ast-site-content-layout":"default","site-content-style":"default","site-sidebar-style":"default","ast-global-header-display":"","ast-banner-title-visibility":"","ast-main-header-display":"","ast-hfb-above-header-display":"","ast-hfb-below-header-display":"","ast-hfb-mobile-header-display":"","site-post-title":"disabled","ast-breadcrumbs-content":"","ast-featured-img":"disabled","footer-sml-layout":"","ast-disable-related-posts":"","theme-transparent-header-meta":"","adv-header-id-meta":"","stick-header-meta":"","header-above-stick-meta":"","header-main-stick-meta":"","header-below-stick-meta":"","astra-migrate-meta-layouts":"default","ast-page-background-enabled":"default","ast-page-background-meta":{"desktop":{"background-color":"","background-image":"","background-repeat":"repeat","background-position":"center center","background-size":"auto","background-attachment":"scroll","background-type":"","background-media":"","overlay-type":"","overlay-color":"","overlay-opacity":"","overlay-gradient":""},"tablet":{"background-color":"","background-image":"","background-repeat":"repeat","background-position":"center center","background-size":"auto","background-attachment":"scroll","background-type":"","background-media":"","overlay-type":"","overlay-color":"","overlay-opacity":"","overlay-gradient":""},"mobile":{"background-color":"","background-image":"","background-repeat":"repeat","background-position":"center center","background-size":"auto","background-attachment":"scroll","background-type":"","background-media":"","overlay-type":"","overlay-color":"","overlay-opacity":"","overlay-gradient":""}},"ast-content-background-meta":{"desktop":{"background-color":"var(--ast-global-color-5)","background-image":"","background-repeat":"repeat","background-position":"center center","background-size":"auto","background-attachment":"scroll","background-type":"","background-media":"","overlay-type":"","overlay-color":"","overlay-opacity":"","overlay-gradient":""},"tablet":{"background-color":"var(--ast-global-color-5)","background-image":"","background-repeat":"repeat","background-position":"center center","background-size":"auto","background-attachment":"scroll","background-type":"","background-media":"","overlay-type":"","overlay-color":"","overlay-opacity":"","overlay-gradient":""},"mobile":{"background-color":"var(--ast-global-color-5)","background-image":"","background-repeat":"repeat","background-position":"center center","background-size":"auto","background-attachment":"scroll","background-type":"","background-media":"","overlay-type":"","overlay-color":"","overlay-opacity":"","overlay-gradient":""}},"footnotes":""},"class_list":["post-654","page","type-page","status-publish","hentry"],"_links":{"self":[{"href":"https:\/\/afamiguelhernandez.org\/index.php\/wp-json\/wp\/v2\/pages\/654"}],"collection":[{"href":"https:\/\/afamiguelhernandez.org\/index.php\/wp-json\/wp\/v2\/pages"}],"about":[{"href":"https:\/\/afamiguelhernandez.org\/index.php\/wp-json\/wp\/v2\/types\/page"}],"author":[{"embeddable":true,"href":"https:\/\/afamiguelhernandez.org\/index.php\/wp-json\/wp\/v2\/users\/1"}],"replies":[{"embeddable":true,"href":"https:\/\/afamiguelhernandez.org\/index.php\/wp-json\/wp\/v2\/comments?post=654"}],"version-history":[{"count":18,"href":"https:\/\/afamiguelhernandez.org\/index.php\/wp-json\/wp\/v2\/pages\/654\/revisions"}],"predecessor-version":[{"id":4973,"href":"https:\/\/afamiguelhernandez.org\/index.php\/wp-json\/wp\/v2\/pages\/654\/revisions\/4973"}],"wp:attachment":[{"href":"https:\/\/afamiguelhernandez.org\/index.php\/wp-json\/wp\/v2\/media?parent=654"}],"curies":[{"name":"wp","href":"https:\/\/api.w.org\/{rel}","templated":true}]}}